{"id":539,"date":"2020-06-06T18:08:03","date_gmt":"2020-06-06T18:08:03","guid":{"rendered":"http:\/\/www.naturheilatelier.ch\/?page_id=539"},"modified":"2023-03-01T17:19:37","modified_gmt":"2023-03-01T17:19:37","slug":"links","status":"publish","type":"page","link":"https:\/\/www.naturheilatelier.ch\/?page_id=539","title":{"rendered":"Links"},"content":{"rendered":"\n<p><strong>A.C.T Gesundheitspraxis<\/strong><\/p>\n\n\n\n<p>Anja Twiehaus \/ Naturheilpraktikerin TEN<\/p>\n\n\n\n<a class=\"wp-block-button wp-block-button__link\" href=\"https:\/\/www.act-gesundheitspraxis.ch\/\">Website<\/a>\n\n\n\n<p><\/p>\n\n\n\n<hr class=\"wp-block-separator\"\/>\n\n\n\n<p><\/p>\n\n\n\n<p><strong>Vortexpower<\/strong><\/p>\n\n\n\n<p>Quellfrisches Trinkwasser f\u00fcr alle<\/p>\n\n\n\n<a class=\"wp-block-button wp-block-button__link\" href=\"https:\/\/vortexpower.ch\/\">Website<\/a>\n\n\n\n<p><\/p>\n\n\n\n<hr class=\"wp-block-separator\"\/>\n\n\n\n<p><\/p>\n\n\n\n<p><\/p>\n\n\n\n<hr class=\"wp-block-separator\"\/>\n\n\n\n<p><\/p>\n\n\n\n<p><strong>fit &amp; gesund ern\u00e4hrt<\/strong> <strong>gmbh<\/strong><\/p>\n\n\n\n<p>ALLES F\u00dcR vitale &amp; stretchy K\u00d6RPERZELLEN und RINGANA in Bubikon<\/p>\n\n\n\n<a class=\"wp-block-button wp-block-button__link\" href=\"https:\/\/fitundgesundernaehrt.ch\/\">Website<\/a>\n\n\n\n<p><\/p>\n\n\n\n<hr class=\"wp-block-separator\"\/>\n\n\n\n<p><\/p>\n\n\n\n<p><strong> in out fit<\/strong><\/p>\n\n\n\n<p>styling &amp; health  \/ Rose Graf<\/p>\n\n\n\n<a class=\"wp-block-button wp-block-button__link\" href=\"https:\/\/inoutfit.ch\/\">Website<\/a>\n","protected":false},"excerpt":{"rendered":"<p>A.C.T Gesundheitspraxis Anja Twiehaus \/ Naturheilpraktikerin TEN Vortexpower Quellfrisches Trinkwasser f\u00fcr alle fit &amp; gesund ern\u00e4hrt gmbh ALLES F\u00dcR vitale &amp; stretchy K\u00d6RPERZELLEN und RINGANA in Bubikon in out fit styling &amp; health \/ Rose Graf<\/p>\n","protected":false},"author":1,"featured_media":0,"parent":0,"menu_order":0,"comment_status":"closed","ping_status":"closed","template":"","meta":{"jetpack_post_was_ever_published":false,"footnotes":""},"class_list":["post-539","page","type-page","status-publish","hentry"],"jetpack_sharing_enabled":true,"jetpack_shortlink":"https:\/\/wp.me\/P8ZKkB-8H","jetpack-related-posts":[],"_links":{"self":[{"href":"https:\/\/www.naturheilatelier.ch\/index.php?rest_route=\/wp\/v2\/pages\/539","targetHints":{"allow":["GET"]}}],"collection":[{"href":"https:\/\/www.naturheilatelier.ch\/index.php?rest_route=\/wp\/v2\/pages"}],"about":[{"href":"https:\/\/www.naturheilatelier.ch\/index.php?rest_route=\/wp\/v2\/types\/page"}],"author":[{"embeddable":true,"href":"https:\/\/www.naturheilatelier.ch\/index.php?rest_route=\/wp\/v2\/users\/1"}],"replies":[{"embeddable":true,"href":"https:\/\/www.naturheilatelier.ch\/index.php?rest_route=%2Fwp%2Fv2%2Fcomments&post=539"}],"version-history":[{"count":6,"href":"https:\/\/www.naturheilatelier.ch\/index.php?rest_route=\/wp\/v2\/pages\/539\/revisions"}],"predecessor-version":[{"id":570,"href":"https:\/\/www.naturheilatelier.ch\/index.php?rest_route=\/wp\/v2\/pages\/539\/revisions\/570"}],"wp:attachment":[{"href":"https:\/\/www.naturheilatelier.ch\/index.php?rest_route=%2Fwp%2Fv2%2Fmedia&parent=539"}],"curies":[{"name":"wp","href":"https:\/\/api.w.org\/{rel}","templated":true}]}}