{"id":362,"date":"2017-07-21T13:57:08","date_gmt":"2017-07-21T13:57:08","guid":{"rendered":"http:\/\/www.naturheilatelier.ch\/?page_id=362"},"modified":"2024-05-09T14:38:50","modified_gmt":"2024-05-09T14:38:50","slug":"praxis","status":"publish","type":"page","link":"https:\/\/www.naturheilatelier.ch\/?page_id=362","title":{"rendered":"Praxis"},"content":{"rendered":"<p><img data-recalc-dims=\"1\" loading=\"lazy\" decoding=\"async\" data-attachment-id=\"363\" data-permalink=\"https:\/\/www.naturheilatelier.ch\/?attachment_id=363\" data-orig-file=\"https:\/\/i0.wp.com\/www.naturheilatelier.ch\/wp-content\/uploads\/2017\/07\/Praxis.jpg?fit=1180%2C800&amp;ssl=1\" data-orig-size=\"1180,800\" data-comments-opened=\"1\" data-image-meta=\"{&quot;aperture&quot;:&quot;8&quot;,&quot;credit&quot;:&quot;BARBARA_FORSLUND-LEU&quot;,&quot;camera&quot;:&quot;NIKON D7000&quot;,&quot;caption&quot;:&quot;&quot;,&quot;created_timestamp&quot;:&quot;1500286494&quot;,&quot;copyright&quot;:&quot;Forslundphoto.com&quot;,&quot;focal_length&quot;:&quot;24&quot;,&quot;iso&quot;:&quot;800&quot;,&quot;shutter_speed&quot;:&quot;0.05&quot;,&quot;title&quot;:&quot;&quot;,&quot;orientation&quot;:&quot;1&quot;}\" data-image-title=\"Praxis\" data-image-description=\"\" data-image-caption=\"\" data-medium-file=\"https:\/\/i0.wp.com\/www.naturheilatelier.ch\/wp-content\/uploads\/2017\/07\/Praxis.jpg?fit=300%2C203&amp;ssl=1\" data-large-file=\"https:\/\/i0.wp.com\/www.naturheilatelier.ch\/wp-content\/uploads\/2017\/07\/Praxis.jpg?fit=960%2C651&amp;ssl=1\" class=\"aligncenter size-full wp-image-363\" src=\"https:\/\/i0.wp.com\/www.naturheilatelier.ch\/wp-content\/uploads\/2017\/07\/Praxis.jpg?resize=960%2C651\" alt=\"\" width=\"960\" height=\"651\" srcset=\"https:\/\/i0.wp.com\/www.naturheilatelier.ch\/wp-content\/uploads\/2017\/07\/Praxis.jpg?w=1180&amp;ssl=1 1180w, https:\/\/i0.wp.com\/www.naturheilatelier.ch\/wp-content\/uploads\/2017\/07\/Praxis.jpg?resize=300%2C203&amp;ssl=1 300w, https:\/\/i0.wp.com\/www.naturheilatelier.ch\/wp-content\/uploads\/2017\/07\/Praxis.jpg?resize=768%2C521&amp;ssl=1 768w, https:\/\/i0.wp.com\/www.naturheilatelier.ch\/wp-content\/uploads\/2017\/07\/Praxis.jpg?resize=1024%2C694&amp;ssl=1 1024w\" sizes=\"auto, (max-width: 960px) 100vw, 960px\" \/><\/p>\n<p>Das Naturheilatelier (Widenb\u00fcelstrasse 7) befindet sich im Parterre, im hinteren H\u00e4userkomplex (vom Parkplatz nicht ersichtlich)<\/p>\n<p>Parkplatz vorhanden (Naturheilatelier)<\/p>\n<p><strong>\u00d6ffnungszeiten:<\/strong><br \/>\nwerktags 8.00 bis 18.00 Uhr<br \/>\noder nach Vereinbarung<\/p>\n","protected":false},"excerpt":{"rendered":"<p>Das Naturheilatelier (Widenb\u00fcelstrasse 7) befindet sich im Parterre, im hinteren H\u00e4userkomplex (vom Parkplatz nicht ersichtlich) Parkplatz vorhanden (Naturheilatelier) \u00d6ffnungszeiten: werktags 8.00 bis 18.00 Uhr oder nach Vereinbarung<\/p>\n","protected":false},"author":1,"featured_media":0,"parent":21,"menu_order":1,"comment_status":"closed","ping_status":"closed","template":"","meta":{"jetpack_post_was_ever_published":false,"footnotes":""},"class_list":["post-362","page","type-page","status-publish","hentry"],"jetpack_sharing_enabled":true,"jetpack_shortlink":"https:\/\/wp.me\/P8ZKkB-5Q","jetpack-related-posts":[],"_links":{"self":[{"href":"https:\/\/www.naturheilatelier.ch\/index.php?rest_route=\/wp\/v2\/pages\/362","targetHints":{"allow":["GET"]}}],"collection":[{"href":"https:\/\/www.naturheilatelier.ch\/index.php?rest_route=\/wp\/v2\/pages"}],"about":[{"href":"https:\/\/www.naturheilatelier.ch\/index.php?rest_route=\/wp\/v2\/types\/page"}],"author":[{"embeddable":true,"href":"https:\/\/www.naturheilatelier.ch\/index.php?rest_route=\/wp\/v2\/users\/1"}],"replies":[{"embeddable":true,"href":"https:\/\/www.naturheilatelier.ch\/index.php?rest_route=%2Fwp%2Fv2%2Fcomments&post=362"}],"version-history":[{"count":8,"href":"https:\/\/www.naturheilatelier.ch\/index.php?rest_route=\/wp\/v2\/pages\/362\/revisions"}],"predecessor-version":[{"id":589,"href":"https:\/\/www.naturheilatelier.ch\/index.php?rest_route=\/wp\/v2\/pages\/362\/revisions\/589"}],"up":[{"embeddable":true,"href":"https:\/\/www.naturheilatelier.ch\/index.php?rest_route=\/wp\/v2\/pages\/21"}],"wp:attachment":[{"href":"https:\/\/www.naturheilatelier.ch\/index.php?rest_route=%2Fwp%2Fv2%2Fmedia&parent=362"}],"curies":[{"name":"wp","href":"https:\/\/api.w.org\/{rel}","templated":true}]}}