{"id":349,"date":"2017-07-20T12:43:51","date_gmt":"2017-07-20T12:43:51","guid":{"rendered":"http:\/\/www.naturheilatelier.ch\/?page_id=349"},"modified":"2025-03-10T15:35:26","modified_gmt":"2025-03-10T15:35:26","slug":"kurse","status":"publish","type":"page","link":"https:\/\/www.naturheilatelier.ch\/?page_id=349","title":{"rendered":"Kurse"},"content":{"rendered":"\n<h2 class=\"wp-block-heading\"><strong><span style=\"color: #2a9191;\">Hom\u00f6opathie \u2013 Notfallapotheke<\/span><br><\/strong>Arnica ist in jeder Munde, doch was genau l\u00e4sst sich damit alles behandeln?<br>Welches Mittel kann ich einsetzen bei Wespenstich, Zeckenbiss, Schnittverletzung, Fuss verstaucht, Finger verbrannt, Fieber, \u00dcbelkeit, &#8230; ?<\/h2>\n\n\n\n<p>Wir lernen, welche hom\u00f6opathischen Mittel bei welchen allt\u00e4glichen Notf\u00e4llen im Haushalt, bei der Arbeit, beim Sport oder auf Reisen zum Einsatz kommen, und worauf bei den unterschiedlichen Mitteln geachtet werden muss.<\/p>\n\n\n\n<p>Die hom\u00f6opathische Haus- und Reiseapotheke wird zum unverzichtbaren Begleiter werden.<br>Der Kurs erfordert keine Vorkenntnisse.<\/p>\n\n\n\n<p>Kursinhalt:<\/p>\n\n\n\n<ul class=\"wp-block-list\">\n<li>Grundz\u00fcge der klassischen Hom\u00f6opathie<\/li>\n\n\n\n<li>H\u00e4ufige hom\u00f6opatische Mittel f\u00fcr leichte bis mittelschwere Akutf\u00e4lle (Schnittwunden, Sturzverletzungen, Verbrennungen, Erk\u00e4ltungskrankheiten, Durchfall, Ohrenschmerzen, Fieber, Infekte, Insektenstiche, etc.)<\/li>\n\n\n\n<li>Anwendung, Dosierung und Grenzen der Selbstbehandlung<\/li>\n<\/ul>\n\n\n\n<p>Datum &amp; Ort: <\/p>\n\n\n\n<ul class=\"wp-block-list\">\n<li>Datum nach Anfrage \/ von 19.00 bis 22.00 Uhr (ab 4 TeilnehmerInnen)<\/li>\n\n\n\n<li>im Naturheilatelier an der Widenb\u00fcelstrasse 7, 8617 M\u00f6nchaltorf<\/li>\n<\/ul>\n\n\n\n<p>Kurskosten:<\/p>\n\n\n\n<ul class=\"wp-block-list\">\n<li>CHF 95.- (inkl. Kursunterlagen &amp; Materialkosten von ca CHF 20.-)<\/li>\n<\/ul>\n\n\n\n<p>weitere Infos auf Anfrage: <a href=\"mailto:braun@naturheilatelier.ch\">braun@naturheilatelier.ch<\/a><\/p>\n\n\n\n<figure class=\"wp-block-image size-full\"><a href=\"https:\/\/i0.wp.com\/www.naturheilatelier.ch\/wp-content\/uploads\/2023\/12\/image-1.png?ssl=1\"><img loading=\"lazy\" decoding=\"async\" width=\"672\" height=\"351\" data-attachment-id=\"578\" data-permalink=\"https:\/\/www.naturheilatelier.ch\/?attachment_id=578\" data-orig-file=\"https:\/\/i0.wp.com\/www.naturheilatelier.ch\/wp-content\/uploads\/2023\/12\/image-1.png?fit=672%2C351&amp;ssl=1\" data-orig-size=\"672,351\" data-comments-opened=\"1\" data-image-meta=\"{&quot;aperture&quot;:&quot;0&quot;,&quot;credit&quot;:&quot;&quot;,&quot;camera&quot;:&quot;&quot;,&quot;caption&quot;:&quot;&quot;,&quot;created_timestamp&quot;:&quot;0&quot;,&quot;copyright&quot;:&quot;&quot;,&quot;focal_length&quot;:&quot;0&quot;,&quot;iso&quot;:&quot;0&quot;,&quot;shutter_speed&quot;:&quot;0&quot;,&quot;title&quot;:&quot;&quot;,&quot;orientation&quot;:&quot;0&quot;}\" data-image-title=\"image-1\" data-image-description=\"\" data-image-caption=\"\" data-medium-file=\"https:\/\/i0.wp.com\/www.naturheilatelier.ch\/wp-content\/uploads\/2023\/12\/image-1.png?fit=300%2C157&amp;ssl=1\" data-large-file=\"https:\/\/i0.wp.com\/www.naturheilatelier.ch\/wp-content\/uploads\/2023\/12\/image-1.png?fit=672%2C351&amp;ssl=1\" src=\"https:\/\/i1.wp.com\/www.naturheilatelier.ch\/wp-content\/uploads\/2023\/12\/image-1.png?fit=672%2C351&amp;ssl=1\" alt=\"\" class=\"wp-image-578\" srcset=\"https:\/\/i0.wp.com\/www.naturheilatelier.ch\/wp-content\/uploads\/2023\/12\/image-1.png?w=672&amp;ssl=1 672w, https:\/\/i0.wp.com\/www.naturheilatelier.ch\/wp-content\/uploads\/2023\/12\/image-1.png?resize=300%2C157&amp;ssl=1 300w\" sizes=\"auto, (max-width: 672px) 100vw, 672px\" \/><\/a><\/figure>\n\n\n\n<p><\/p>\n\n\n\n<h2 class=\"wp-block-heading\"><strong><span style=\"color: #2a9191;\">Faszienpflege mit der Black Roll \u2013 Schmerztherapie in Eigenregie<br><\/span><\/strong>Was haben Kopfschmerzen mit dem R\u00fccken zu tun? Warum braucht es beim Fersensporn Dehn\u00fcbungen f\u00fcr die Wade und die Fussohle?<\/h2>\n\n\n\n<p>Faszien umh\u00fcllen die Muskeln und Organe unseres K\u00f6rpers. Sie bilden ein zusammenh\u00e4ngendes System, das den gesamten K\u00f6rper in sogenannten Muskelz\u00fcgen durchzieht, die sich gegenseitig beeinflussen. Faszien k\u00f6nnen verkleben, wenn der Lymphabfluss stockt. Aber auch die Psyche hat einen Einfluss auf den Spannungszustand der Faszien. Verspannte und verklebte Faszien f\u00fchren zu Bewegungseinschr\u00e4nkungen und Schmerzzust\u00e4nden.<\/p>\n\n\n\n<p>Drei Vortragsabende mit theoretischem und praktischem Teil.<\/p>\n\n\n\n<p>Daten auf Anfrage, 3x 90min (ab 4 TeilnehmerInnen)<\/p>\n\n\n\n<p>Kurskosten: CHF 135.- (inkl. Kursunterlagen &amp; Materialkosten von ca CHF 25.-)<\/p>\n\n\n\n<p>weitere Infos auf Anfrage: <a href=\"mailto:braun@naturheilatelier.ch\">braun@naturheilatelier.ch<\/a><\/p>\n\n\n\n<figure class=\"wp-block-image size-full\"><a href=\"https:\/\/i0.wp.com\/www.naturheilatelier.ch\/wp-content\/uploads\/2023\/12\/image.png?ssl=1\"><img loading=\"lazy\" decoding=\"async\" width=\"444\" height=\"296\" data-attachment-id=\"577\" data-permalink=\"https:\/\/www.naturheilatelier.ch\/?attachment_id=577\" data-orig-file=\"https:\/\/i0.wp.com\/www.naturheilatelier.ch\/wp-content\/uploads\/2023\/12\/image.png?fit=444%2C296&amp;ssl=1\" data-orig-size=\"444,296\" data-comments-opened=\"1\" data-image-meta=\"{&quot;aperture&quot;:&quot;0&quot;,&quot;credit&quot;:&quot;&quot;,&quot;camera&quot;:&quot;&quot;,&quot;caption&quot;:&quot;&quot;,&quot;created_timestamp&quot;:&quot;0&quot;,&quot;copyright&quot;:&quot;&quot;,&quot;focal_length&quot;:&quot;0&quot;,&quot;iso&quot;:&quot;0&quot;,&quot;shutter_speed&quot;:&quot;0&quot;,&quot;title&quot;:&quot;&quot;,&quot;orientation&quot;:&quot;0&quot;}\" data-image-title=\"image\" data-image-description=\"\" data-image-caption=\"\" data-medium-file=\"https:\/\/i0.wp.com\/www.naturheilatelier.ch\/wp-content\/uploads\/2023\/12\/image.png?fit=300%2C200&amp;ssl=1\" data-large-file=\"https:\/\/i0.wp.com\/www.naturheilatelier.ch\/wp-content\/uploads\/2023\/12\/image.png?fit=444%2C296&amp;ssl=1\" src=\"https:\/\/i1.wp.com\/www.naturheilatelier.ch\/wp-content\/uploads\/2023\/12\/image.png?fit=444%2C296&amp;ssl=1\" alt=\"\" class=\"wp-image-577\" srcset=\"https:\/\/i0.wp.com\/www.naturheilatelier.ch\/wp-content\/uploads\/2023\/12\/image.png?w=444&amp;ssl=1 444w, https:\/\/i0.wp.com\/www.naturheilatelier.ch\/wp-content\/uploads\/2023\/12\/image.png?resize=300%2C200&amp;ssl=1 300w\" sizes=\"auto, (max-width: 444px) 100vw, 444px\" \/><\/a><\/figure>\n\n\n\n<h2 class=\"wp-block-heading\"><strong><span style=\"color: #2a9191;\">Grundlagen der Menschenkenntnis<\/span><br><\/strong>Von der Gef\u00fchlsphysiognomik zur modernen Psychophysiognomik. Einf\u00fchrung in die Huter&#8217;sche Naturelllehre.<\/h2>\n\n\n\n<p>Jeder Mensch ist einzigartig \u2013 auch du!<\/p>\n\n\n\n<p>Was verr\u00e4t nun mein K\u00f6rperbau, mein Gesicht \u00fcber mein Wesen?<\/p>\n\n\n\n<p>Wir begeben uns auf eine Reise von der Gef\u00fchlsphysiognomik zur wissenschaftlichen \u201eErkl\u00e4rung\u201c der menschlichen Charakterz\u00fcge und g\u00f6nnen uns einen kurzen Einblick in die Grundz\u00fcge der Naturell-Lehre.<\/p>\n\n\n\n<p>Die Psychophysiognomik (nach Carl Huter, 1861 &#8211; 1912) besch\u00e4ftigt sich mit dem Menschen in seinem Denken, Handeln und Verhalten.&nbsp;Der Mensch wird in seiner Gesamtheit gesehen und als Individuum verstanden, in dem K\u00f6rper, Geist und Seele gleichermassen zusammenwirken.<\/p>\n\n\n\n<p>Unter Psychophysiognomik versteht man die Lehre vom Ausdruck der Formen, Farben, Spannungen, Strahlungen und Bewegungsvorg\u00e4nge in der Natur und beim Menschen.<\/p>\n\n\n\n<p>Die Psychophysiognomik beruht auf der Grundlage der Wechselwirkung von K\u00f6rper und Psyche, Individuum und Umwelt, Innen und Aussen. Das Innere eines Menschen (Psyche, Seele, Pers\u00f6nlichkeit) offenbart sich im \u00c4usseren (Erscheinungsbild) und das \u00c4ussere pr\u00e4gt das Innere, unsere Psyche.<\/p>\n\n\n\n<p>Mit Hilfe der Psychophysiognomik werden individuelle Begabungen, Talente, Neigungen und Pers\u00f6nlichkeitsmerkmale festgestellt und erkl\u00e4rt.<\/p>\n\n\n\n<p>Menschenkenntnis zu besitzen ist wertvoll und in allen Lebensbereichen einsetzbar. Menschenkenntnis heisst auch Selbsterkenntnis \u2013 ein Weg, um auch sich selber besser zu verstehen.<\/p>\n\n\n\n<p>Datum &amp; Ort: <\/p>\n\n\n\n<ul class=\"wp-block-list\">\n<li>Datum nach Anfrage \/ von 19.00 bis 22.00 Uhr (ab 4 TeilnehmerInnen)<\/li>\n\n\n\n<li>im Naturheilatelier an der Widenb\u00fcelstrasse 7, 8617 M\u00f6nchaltorf<\/li>\n<\/ul>\n\n\n\n<p>Kurskosten: &nbsp;&nbsp;&nbsp;&nbsp; CHF 90.- (inkl. Skript)<\/p>\n\n\n\n<p>weitere Infos auf Anfrage: <a href=\"mailto:braun@naturheilatelier.ch\">braun@naturheilatelier.ch<\/a><\/p>\n\n\n\n<figure class=\"wp-block-image size-full\"><a href=\"https:\/\/i0.wp.com\/www.naturheilatelier.ch\/wp-content\/uploads\/2023\/12\/image-4.png?ssl=1\"><img loading=\"lazy\" decoding=\"async\" width=\"379\" height=\"379\" data-attachment-id=\"581\" data-permalink=\"https:\/\/www.naturheilatelier.ch\/?attachment_id=581\" data-orig-file=\"https:\/\/i0.wp.com\/www.naturheilatelier.ch\/wp-content\/uploads\/2023\/12\/image-4.png?fit=379%2C379&amp;ssl=1\" data-orig-size=\"379,379\" data-comments-opened=\"1\" data-image-meta=\"{&quot;aperture&quot;:&quot;0&quot;,&quot;credit&quot;:&quot;&quot;,&quot;camera&quot;:&quot;&quot;,&quot;caption&quot;:&quot;&quot;,&quot;created_timestamp&quot;:&quot;0&quot;,&quot;copyright&quot;:&quot;&quot;,&quot;focal_length&quot;:&quot;0&quot;,&quot;iso&quot;:&quot;0&quot;,&quot;shutter_speed&quot;:&quot;0&quot;,&quot;title&quot;:&quot;&quot;,&quot;orientation&quot;:&quot;0&quot;}\" data-image-title=\"image-4\" data-image-description=\"\" data-image-caption=\"\" data-medium-file=\"https:\/\/i0.wp.com\/www.naturheilatelier.ch\/wp-content\/uploads\/2023\/12\/image-4.png?fit=300%2C300&amp;ssl=1\" data-large-file=\"https:\/\/i0.wp.com\/www.naturheilatelier.ch\/wp-content\/uploads\/2023\/12\/image-4.png?fit=379%2C379&amp;ssl=1\" src=\"https:\/\/i2.wp.com\/www.naturheilatelier.ch\/wp-content\/uploads\/2023\/12\/image-4.png?fit=379%2C379&amp;ssl=1\" alt=\"\" class=\"wp-image-581\" srcset=\"https:\/\/i0.wp.com\/www.naturheilatelier.ch\/wp-content\/uploads\/2023\/12\/image-4.png?w=379&amp;ssl=1 379w, https:\/\/i0.wp.com\/www.naturheilatelier.ch\/wp-content\/uploads\/2023\/12\/image-4.png?resize=300%2C300&amp;ssl=1 300w, https:\/\/i0.wp.com\/www.naturheilatelier.ch\/wp-content\/uploads\/2023\/12\/image-4.png?resize=150%2C150&amp;ssl=1 150w\" sizes=\"auto, (max-width: 379px) 100vw, 379px\" \/><\/a><\/figure>\n\n\n\n<h2 class=\"wp-block-heading\"><strong>Hausmittel \u2013 <\/strong><strong>Alte Rezepte und neue Anwendungen in der Hausapotheke<\/strong><strong><\/strong><\/h2>\n\n\n\n<p>Unverhofft kommt oft! Was tun, wenn es 1 Uhr nachts ist und der Husten dich nicht schlafen l\u00e4sst? Zwiebeln hat man doch bestimmt im Haus und nach dem Kurs wirst du diese wunderbare Pflanze nicht nur als Kochzutat sch\u00e4tzen.<\/p>\n\n\n\n<p>Ich beleuchte altbew\u00e4hrte Hausmittel aus heutiger Sicht und stelle einfache Rezepte und Anwendungen f\u00fcr Allgemeinerkrankungen vor. Gegen (fast) jede Krankheit ist ein Kraut gewachsen, ob Wallwurz bei Erkrankungen des Bewegungsapparats oder Kamille bei Magenkr\u00e4mpfen. Ob als Tee, Tinktur oder Umschl\u00e4ge, es gibt viele Pflanzen, die schon seit Jahrhunderten von Heilern eingesetzt werden und das zu Recht.<\/p>\n\n\n\n<p>Lerne die Vielfalt der einfachen Heilmittel kennen und welche sich lohnen, in der Hausapotheke zur Verf\u00fcgung zu haben.<\/p>\n\n\n\n<p>Datum &amp; Ort: <\/p>\n\n\n\n<ul class=\"wp-block-list\">\n<li>Datum nach Anfrage \/ von 19.00 bis 22.00 Uhr (ab 4 TeilnehmerInnen)<\/li>\n\n\n\n<li>im Naturheilatelier an der Widenb\u00fcelstrasse 7, 8617 M\u00f6nchaltorf<\/li>\n<\/ul>\n\n\n\n<p>Kurskosten: &nbsp;&nbsp;&nbsp;&nbsp; CHF 85.- (inkl. Skript)<\/p>\n\n\n\n<figure class=\"wp-block-image size-full\"><a href=\"https:\/\/i0.wp.com\/www.naturheilatelier.ch\/wp-content\/uploads\/2023\/12\/image-5.png?ssl=1\"><img loading=\"lazy\" decoding=\"async\" width=\"620\" height=\"413\" data-attachment-id=\"582\" data-permalink=\"https:\/\/www.naturheilatelier.ch\/?attachment_id=582\" data-orig-file=\"https:\/\/i0.wp.com\/www.naturheilatelier.ch\/wp-content\/uploads\/2023\/12\/image-5.png?fit=620%2C413&amp;ssl=1\" data-orig-size=\"620,413\" data-comments-opened=\"1\" data-image-meta=\"{&quot;aperture&quot;:&quot;0&quot;,&quot;credit&quot;:&quot;&quot;,&quot;camera&quot;:&quot;&quot;,&quot;caption&quot;:&quot;&quot;,&quot;created_timestamp&quot;:&quot;0&quot;,&quot;copyright&quot;:&quot;&quot;,&quot;focal_length&quot;:&quot;0&quot;,&quot;iso&quot;:&quot;0&quot;,&quot;shutter_speed&quot;:&quot;0&quot;,&quot;title&quot;:&quot;&quot;,&quot;orientation&quot;:&quot;0&quot;}\" data-image-title=\"image-5\" data-image-description=\"\" data-image-caption=\"\" data-medium-file=\"https:\/\/i0.wp.com\/www.naturheilatelier.ch\/wp-content\/uploads\/2023\/12\/image-5.png?fit=300%2C200&amp;ssl=1\" data-large-file=\"https:\/\/i0.wp.com\/www.naturheilatelier.ch\/wp-content\/uploads\/2023\/12\/image-5.png?fit=620%2C413&amp;ssl=1\" src=\"https:\/\/i2.wp.com\/www.naturheilatelier.ch\/wp-content\/uploads\/2023\/12\/image-5.png?fit=620%2C413&amp;ssl=1\" alt=\"\" class=\"wp-image-582\" srcset=\"https:\/\/i0.wp.com\/www.naturheilatelier.ch\/wp-content\/uploads\/2023\/12\/image-5.png?w=620&amp;ssl=1 620w, https:\/\/i0.wp.com\/www.naturheilatelier.ch\/wp-content\/uploads\/2023\/12\/image-5.png?resize=300%2C200&amp;ssl=1 300w\" sizes=\"auto, (max-width: 620px) 100vw, 620px\" \/><\/a><\/figure>\n\n\n\n<h2 class=\"wp-block-heading\"><span style=\"color: #2a9191;\"><strong>Ich bin sauer! \u2013 wenn der K\u00f6rper einen Fr\u00fchjahrsputz braucht<br><\/strong><\/span>Fr\u00fchjahrsm\u00fcdigkeit kennen wir alle \u2013 soll ich nun mehr schlafen oder aktiv etwas f\u00fcr meinen K\u00f6rper tun? Ja, ja, basisch Essen soll man, das kann man ja in jedem Heftchen nachlesen, oder?<\/h2>\n\n\n\n<p>Wir erkl\u00e4ren Ihnen die Zusammenh\u00e4nge von S\u00e4ure und Base, was es mit dem Pischinger Raum auf sich hat und wie sie sich mit wenig Aufwand etwas Gutes tun k\u00f6nnen.<\/p>\n\n\n\n<p>Nur wenn wir eine Sache Be-Greifen, k\u00f6nnen wir sie wirksam in unser Leben einbauen.<br>Lassen Sie sich \u00fcberraschen und sich in die Geheimnisse der Biochemie einf\u00fchren.<\/p>\n\n\n\n<p>Der Kurs erfordert keine Vorkenntnisse.<\/p>\n\n\n\n<p>Kursinhalt:<\/p>\n\n\n\n<ul class=\"wp-block-list\">\n<li>S\u00e4uren und Basen im K\u00f6rper<\/li>\n\n\n\n<li>Ern\u00e4hrungstipps, damit unser K\u00f6rper optimal funktioniert<\/li>\n\n\n\n<li>Einfache, aber effektive Hausanwendung<\/li>\n\n\n\n<li>Theorie Basenfasten<\/li>\n<\/ul>\n\n\n\n<p>weitere Infos auf Anfrage: <a href=\"mailto:braun@naturheilatelier.ch\">braun@naturheilatelier.ch<\/a><\/p>\n\n\n\n<h2 class=\"wp-block-heading\"><span style=\"color: #2a9191;\"><strong>Verrotzt, vers<span style=\"color: #2a9191;\">chnupft \u2013<\/span> <span style=\"color: #2a9191;\">was kann ich<\/span> f\u00fcr mein Kind tun?<br><\/strong><\/span>Unglaublich! Trotz sommerlich warmen Temperaturen hat mein Kind noch immer den Schnupfen. Eigentlich beinahe das ganze Jahr durch &#8230;.<br>Worauf kann ich achten, wie kann ich die Gesundheit meines Kindes unterst\u00fctzen?<\/h2>\n\n\n\n<p>Wir erkl\u00e4ren Ihnen m\u00f6gliche Ursachen und zeigen Ihnen auf, wie Sie das Immunsystem ihres Kindes nachhaltig verbessern k\u00f6nnen.<br>Der Kurs erfordert keine Vorkenntnisse.<\/p>\n\n\n\n<p>Kursinhalt:<\/p>\n\n\n\n<ul class=\"wp-block-list\">\n<li>Geschichte der Skrofulose<\/li>\n\n\n\n<li>Das Immunsystem eines Kindes<\/li>\n\n\n\n<li>Einfache Hausmittel<\/li>\n\n\n\n<li>Grenzen der Selbstbehandlung<\/li>\n<\/ul>\n\n\n\n<p>weitere Infos auf Anfrage: <a href=\"mailto:braun@naturheilatelier.ch\">braun@naturheilatelier.ch<\/a><\/p>\n","protected":false},"excerpt":{"rendered":"<p>Hom\u00f6opathie \u2013 NotfallapothekeArnica ist in jeder Munde, doch was genau l\u00e4sst sich damit alles behandeln?Welches Mittel kann ich einsetzen bei Wespenstich, Zeckenbiss, Schnittverletzung, Fuss verstaucht, Finger verbrannt, Fieber, \u00dcbelkeit, &#8230; ? Wir lernen, welche hom\u00f6opathischen Mittel bei welchen allt\u00e4glichen Notf\u00e4llen im Haushalt, bei der Arbeit, beim &hellip; <\/p>\n<p><a href=\"https:\/\/www.naturheilatelier.ch\/?page_id=349\" class=\"more-link\"><span class=\"morelink-icon\">Weiterlesen<\/span><\/a><\/p>\n","protected":false},"author":1,"featured_media":0,"parent":0,"menu_order":4,"comment_status":"closed","ping_status":"closed","template":"","meta":{"jetpack_post_was_ever_published":false,"footnotes":""},"class_list":["post-349","page","type-page","status-publish","hentry"],"jetpack_sharing_enabled":true,"jetpack_shortlink":"https:\/\/wp.me\/P8ZKkB-5D","jetpack-related-posts":[],"_links":{"self":[{"href":"https:\/\/www.naturheilatelier.ch\/index.php?rest_route=\/wp\/v2\/pages\/349","targetHints":{"allow":["GET"]}}],"collection":[{"href":"https:\/\/www.naturheilatelier.ch\/index.php?rest_route=\/wp\/v2\/pages"}],"about":[{"href":"https:\/\/www.naturheilatelier.ch\/index.php?rest_route=\/wp\/v2\/types\/page"}],"author":[{"embeddable":true,"href":"https:\/\/www.naturheilatelier.ch\/index.php?rest_route=\/wp\/v2\/users\/1"}],"replies":[{"embeddable":true,"href":"https:\/\/www.naturheilatelier.ch\/index.php?rest_route=%2Fwp%2Fv2%2Fcomments&post=349"}],"version-history":[{"count":16,"href":"https:\/\/www.naturheilatelier.ch\/index.php?rest_route=\/wp\/v2\/pages\/349\/revisions"}],"predecessor-version":[{"id":593,"href":"https:\/\/www.naturheilatelier.ch\/index.php?rest_route=\/wp\/v2\/pages\/349\/revisions\/593"}],"wp:attachment":[{"href":"https:\/\/www.naturheilatelier.ch\/index.php?rest_route=%2Fwp%2Fv2%2Fmedia&parent=349"}],"curies":[{"name":"wp","href":"https:\/\/api.w.org\/{rel}","templated":true}]}}