{"id":33,"date":"2016-04-12T20:25:14","date_gmt":"2016-04-12T20:25:14","guid":{"rendered":"http:\/\/www.naturheilatelier.ch\/?page_id=33"},"modified":"2024-05-08T12:12:55","modified_gmt":"2024-05-08T12:12:55","slug":"tarife","status":"publish","type":"page","link":"https:\/\/www.naturheilatelier.ch\/?page_id=33","title":{"rendered":"Tarife"},"content":{"rendered":"<ul>\n<li>Sprechstunde nach Vereinbarung<\/li>\n<li>mein 5-Minutensatz betr\u00e4gt CHF 12.-<br \/>\nSomit verrechne ich pro Stunde CHF 144.\u2013<\/li>\n<\/ul>\n<p><strong>Kosten\u00fcbernahme:<\/strong><br \/>\nRegistriert als <strong>Naturheilpraktikerin TEN und Fussreflexzonentherapeutin<\/strong>\u00a0bei:<\/p>\n<ul>\n<li>EMR &#8211; Erfahrungsmedizinisches Register<\/li>\n<li>ASCA &#8211; Schweizerische Stiftung f\u00fcr Komplement\u00e4rmedizin<\/li>\n<\/ul>\n<p>Je nach Krankenversicherer ist eine Kostenbeteiligung im Rahmen einer <strong>Zusatzversicherung<\/strong> m\u00f6glich. Kontaktieren Sie bitte Ihre Krankenversicherung und erkundigen Sie sich, in welchem Rahmen die Zusatzversicherung Ihrer Krankenkasse die Kosten\u00a0\u00fcbernimmt.<\/p>\n","protected":false},"excerpt":{"rendered":"<p>Sprechstunde nach Vereinbarung mein 5-Minutensatz betr\u00e4gt CHF 12.- Somit verrechne ich pro Stunde CHF 144.\u2013 Kosten\u00fcbernahme: Registriert als Naturheilpraktikerin TEN und Fussreflexzonentherapeutin\u00a0bei: EMR &#8211; Erfahrungsmedizinisches Register ASCA &#8211; Schweizerische Stiftung f\u00fcr Komplement\u00e4rmedizin Je nach Krankenversicherer ist eine Kostenbeteiligung im Rahmen einer Zusatzversicherung m\u00f6glich. Kontaktieren Sie bitte &hellip; <\/p>\n<p><a href=\"https:\/\/www.naturheilatelier.ch\/?page_id=33\" class=\"more-link\"><span class=\"morelink-icon\">Weiterlesen<\/span><\/a><\/p>\n","protected":false},"author":1,"featured_media":0,"parent":0,"menu_order":0,"comment_status":"closed","ping_status":"closed","template":"","meta":{"jetpack_post_was_ever_published":false,"footnotes":""},"class_list":["post-33","page","type-page","status-publish","hentry"],"jetpack_sharing_enabled":true,"jetpack_shortlink":"https:\/\/wp.me\/P8ZKkB-x","jetpack-related-posts":[],"_links":{"self":[{"href":"https:\/\/www.naturheilatelier.ch\/index.php?rest_route=\/wp\/v2\/pages\/33","targetHints":{"allow":["GET"]}}],"collection":[{"href":"https:\/\/www.naturheilatelier.ch\/index.php?rest_route=\/wp\/v2\/pages"}],"about":[{"href":"https:\/\/www.naturheilatelier.ch\/index.php?rest_route=\/wp\/v2\/types\/page"}],"author":[{"embeddable":true,"href":"https:\/\/www.naturheilatelier.ch\/index.php?rest_route=\/wp\/v2\/users\/1"}],"replies":[{"embeddable":true,"href":"https:\/\/www.naturheilatelier.ch\/index.php?rest_route=%2Fwp%2Fv2%2Fcomments&post=33"}],"version-history":[{"count":18,"href":"https:\/\/www.naturheilatelier.ch\/index.php?rest_route=\/wp\/v2\/pages\/33\/revisions"}],"predecessor-version":[{"id":587,"href":"https:\/\/www.naturheilatelier.ch\/index.php?rest_route=\/wp\/v2\/pages\/33\/revisions\/587"}],"wp:attachment":[{"href":"https:\/\/www.naturheilatelier.ch\/index.php?rest_route=%2Fwp%2Fv2%2Fmedia&parent=33"}],"curies":[{"name":"wp","href":"https:\/\/api.w.org\/{rel}","templated":true}]}}