{"id":29,"date":"2016-04-12T20:17:56","date_gmt":"2016-04-12T20:17:56","guid":{"rendered":"http:\/\/www.naturheilatelier.ch\/?page_id=29"},"modified":"2017-08-31T12:20:49","modified_gmt":"2017-08-31T12:20:49","slug":"naturheilkunde-ten","status":"publish","type":"page","link":"https:\/\/www.naturheilatelier.ch\/?page_id=29","title":{"rendered":"Naturheilkunde TEN"},"content":{"rendered":"<p style=\"text-align: justify;\">Die TEN (Traditionelle Europ\u00e4ische Naturheilkunde) ist ein eigenst\u00e4ndiges, lehrbares Medizinsystem, welches die traditionellen Wurzeln der Naturheilkunde mit &#8222;modernen&#8220; Erkenntnissen und Denkweisen verkn\u00fcpft.<\/p>\n<p style=\"text-align: justify;\">Der Ursprung der TEN liegt in der mesopotamischen Kultur (4000\u20133000 v. Chr.), wobei auch das alte \u00c4gypten (ab 2500 v. Chr.) und Griechenland wesentlich zur TEN beigetragen haben. Im antiken Griechenland begr\u00fcndete Hippokrates um 400 v.Chr. die bis heute g\u00fcltige &#8222;Vier-S\u00e4fte-Lehre&#8220;, die Humoralmedizin.<\/p>\n<p style=\"text-align: justify;\">Mit der Ausdehnung des Christentums wird die medizinische Versorgung der Bev\u00f6lkerung von den Kl\u00f6stern \u00fcbernommen, bis dies 1130 durch die Kirchen verboten wurde.<\/p>\n<p style=\"text-align: justify;\">Erst im 16. Jahrhundert bekommt die TEN dank Paracelsus wieder etwas Aufschwung. Er sammelt das volksheilkundliche Wissen der l\u00e4ndlichen Bev\u00f6lkerung und beschreibt die Gesetzm\u00e4ssigkeiten des Zusammenspiels von Mikrokosmos (Mensch) und Makrokosmos (Umwelt).<\/p>\n<p style=\"text-align: justify;\">Im 19. Jahrhundert, gepr\u00e4gt durch Virchow&#8217;s Zellularpathologie, wird die TEN von der heutigen Schulmedizin verdr\u00e4ngt. Nun stehen nicht mehr die K\u00f6rperfunktionen im Zentrum der Betrachtung, sondern die Zell- und Gewebsstrukturen.<\/p>\n<p style=\"text-align: justify;\">Heute kann die Medizin in einigen Bereichen zwar Erfolge aufzeigen, doch die Individualit\u00e4t des Menschen wird dabei oftmals\u00a0ausser Acht gelassen.<\/p>\n<p style=\"text-align: justify;\">Die St\u00e4rke der Traditionellen Europ\u00e4ischen Naturheilkunde ist es, auf die Individualit\u00e4t des Menschen einzugehen um die Hom\u00f6ostase, das innere \u00a0Gleichgeweicht der Zellen, der Fl\u00fcssigkeiten wie z.B. Blut, Lymphe und Verdauungss\u00e4fte, wieder herzustellen.\u00a0Gelingt es dem Menschen, das Fliessgleichgewicht seiner &#8222;S\u00e4fte&#8220; zu erhalten, so kann er auf \u00e4ussere und innere Impulse und Anforderungen angemessen reagieren.<\/p>\n","protected":false},"excerpt":{"rendered":"<p>Die TEN (Traditionelle Europ\u00e4ische Naturheilkunde) ist ein eigenst\u00e4ndiges, lehrbares Medizinsystem, welches die traditionellen Wurzeln der Naturheilkunde mit &#8222;modernen&#8220; Erkenntnissen und Denkweisen verkn\u00fcpft. Der Ursprung der TEN liegt in der mesopotamischen Kultur (4000\u20133000 v. Chr.), wobei auch das alte \u00c4gypten (ab 2500 v. Chr.) und Griechenland wesentlich &hellip; <\/p>\n<p><a href=\"https:\/\/www.naturheilatelier.ch\/?page_id=29\" class=\"more-link\"><span class=\"morelink-icon\">Weiterlesen<\/span><\/a><\/p>\n","protected":false},"author":1,"featured_media":0,"parent":0,"menu_order":0,"comment_status":"closed","ping_status":"closed","template":"","meta":{"jetpack_post_was_ever_published":false,"footnotes":""},"class_list":["post-29","page","type-page","status-publish","hentry"],"jetpack_sharing_enabled":true,"jetpack_shortlink":"https:\/\/wp.me\/P8ZKkB-t","jetpack-related-posts":[],"_links":{"self":[{"href":"https:\/\/www.naturheilatelier.ch\/index.php?rest_route=\/wp\/v2\/pages\/29","targetHints":{"allow":["GET"]}}],"collection":[{"href":"https:\/\/www.naturheilatelier.ch\/index.php?rest_route=\/wp\/v2\/pages"}],"about":[{"href":"https:\/\/www.naturheilatelier.ch\/index.php?rest_route=\/wp\/v2\/types\/page"}],"author":[{"embeddable":true,"href":"https:\/\/www.naturheilatelier.ch\/index.php?rest_route=\/wp\/v2\/users\/1"}],"replies":[{"embeddable":true,"href":"https:\/\/www.naturheilatelier.ch\/index.php?rest_route=%2Fwp%2Fv2%2Fcomments&post=29"}],"version-history":[{"count":6,"href":"https:\/\/www.naturheilatelier.ch\/index.php?rest_route=\/wp\/v2\/pages\/29\/revisions"}],"predecessor-version":[{"id":405,"href":"https:\/\/www.naturheilatelier.ch\/index.php?rest_route=\/wp\/v2\/pages\/29\/revisions\/405"}],"wp:attachment":[{"href":"https:\/\/www.naturheilatelier.ch\/index.php?rest_route=%2Fwp%2Fv2%2Fmedia&parent=29"}],"curies":[{"name":"wp","href":"https:\/\/api.w.org\/{rel}","templated":true}]}}