{"id":276,"date":"2017-07-18T17:51:09","date_gmt":"2017-07-18T17:51:09","guid":{"rendered":"http:\/\/www.naturheilatelier.ch\/?page_id=276"},"modified":"2017-09-30T15:27:24","modified_gmt":"2017-09-30T15:27:24","slug":"ausserdem","status":"publish","type":"page","link":"https:\/\/www.naturheilatelier.ch\/?page_id=276","title":{"rendered":"Ausserdem"},"content":{"rendered":"<p><img data-recalc-dims=\"1\" loading=\"lazy\" decoding=\"async\" data-attachment-id=\"345\" data-permalink=\"https:\/\/www.naturheilatelier.ch\/?attachment_id=345\" data-orig-file=\"https:\/\/i0.wp.com\/www.naturheilatelier.ch\/wp-content\/uploads\/2017\/07\/Schnittlauch_seite.png?fit=1180%2C500&amp;ssl=1\" data-orig-size=\"1180,500\" data-comments-opened=\"1\" data-image-meta=\"{&quot;aperture&quot;:&quot;0&quot;,&quot;credit&quot;:&quot;&quot;,&quot;camera&quot;:&quot;&quot;,&quot;caption&quot;:&quot;&quot;,&quot;created_timestamp&quot;:&quot;0&quot;,&quot;copyright&quot;:&quot;&quot;,&quot;focal_length&quot;:&quot;0&quot;,&quot;iso&quot;:&quot;0&quot;,&quot;shutter_speed&quot;:&quot;0&quot;,&quot;title&quot;:&quot;&quot;,&quot;orientation&quot;:&quot;0&quot;}\" data-image-title=\"Schnittlauch_seite\" data-image-description=\"\" data-image-caption=\"\" data-medium-file=\"https:\/\/i0.wp.com\/www.naturheilatelier.ch\/wp-content\/uploads\/2017\/07\/Schnittlauch_seite.png?fit=300%2C127&amp;ssl=1\" data-large-file=\"https:\/\/i0.wp.com\/www.naturheilatelier.ch\/wp-content\/uploads\/2017\/07\/Schnittlauch_seite.png?fit=960%2C407&amp;ssl=1\" class=\"aligncenter size-full wp-image-345\" src=\"https:\/\/i0.wp.com\/www.naturheilatelier.ch\/wp-content\/uploads\/2017\/07\/Schnittlauch_seite.png?resize=960%2C407\" alt=\"\" width=\"960\" height=\"407\" srcset=\"https:\/\/i0.wp.com\/www.naturheilatelier.ch\/wp-content\/uploads\/2017\/07\/Schnittlauch_seite.png?w=1180&amp;ssl=1 1180w, https:\/\/i0.wp.com\/www.naturheilatelier.ch\/wp-content\/uploads\/2017\/07\/Schnittlauch_seite.png?resize=300%2C127&amp;ssl=1 300w, https:\/\/i0.wp.com\/www.naturheilatelier.ch\/wp-content\/uploads\/2017\/07\/Schnittlauch_seite.png?resize=768%2C325&amp;ssl=1 768w, https:\/\/i0.wp.com\/www.naturheilatelier.ch\/wp-content\/uploads\/2017\/07\/Schnittlauch_seite.png?resize=1024%2C434&amp;ssl=1 1024w\" sizes=\"auto, (max-width: 960px) 100vw, 960px\" \/><\/p>\n<ul>\n<li><strong><strong>Narbenentst\u00f6rung<\/strong><\/strong><\/li>\n<\/ul>\n<p>Narben k\u00f6nnen den Energiekreislauf, das \u201eMeridiansystem\u201c unseres K\u00f6rpers irritieren und zu Unwohlsein, Krankheiten und Schmerzen f\u00fchren.<\/p>\n<p>Durch eine Narbenentst\u00f6rung wird gestaute Energie wieder zum Fliessen gebracht, Blockaden werden abgebaut und ein harmonische-dynamisches Fliessgleichgewicht wird wieder hergestellt. Dies ist Voraussetzung f\u00fcr k\u00f6rperliche und seelische Gesundheit.<\/p>\n<p>&nbsp;<\/p>\n<ul>\n<li><strong><strong><strong>begleitetes Basenfasten\/Heilfasten<\/strong><\/strong><\/strong><\/li>\n<\/ul>\n<p>F\u00fchlen Sie sich schlapp und unwohl? Entlasten Sie Ihren K\u00f6rper mit Basenfasten oder Heilfasten.<\/p>\n<p>Meist ist es eine Kombination aus ungesunder Ern\u00e4hrung, mangelnder Bewegung, Stress und Umweltbelastungen, die zu einer \u00dcbers\u00e4uerung unseres K\u00f6rpers und schliesslich zu Gesundheitsproblemen f\u00fchrt.<\/p>\n<p>Eine regelm\u00e4ssige Ents\u00e4uerung ist heutzutage wichtiger denn je! Eingelagerte Stoffwechselabbauprodukte, toxische Substanzen und vieles mehr sollen mobilisiert und ausgeschieden werden. Ziel ist, durch eine Fastenkur das Gewebe und den Zwischenzellraum zu entlasten. Zudem wird das Milieu in Ihrem Magen-Darm-Trakt ausgeglichen. Sie gewinnen an Energie und profitieren von einer bewussteren K\u00f6rperwahrnehmung.<br \/>\nIn einer Gruppe f\u00e4llt einem eine Nahrungsumstellung oft leichter, ausserdem kann man Erfahrungen austauschen und einander motivieren.<\/p>\n","protected":false},"excerpt":{"rendered":"<p>Narbenentst\u00f6rung Narben k\u00f6nnen den Energiekreislauf, das \u201eMeridiansystem\u201c unseres K\u00f6rpers irritieren und zu Unwohlsein, Krankheiten und Schmerzen f\u00fchren. Durch eine Narbenentst\u00f6rung wird gestaute Energie wieder zum Fliessen gebracht, Blockaden werden abgebaut und ein harmonische-dynamisches Fliessgleichgewicht wird wieder hergestellt. Dies ist Voraussetzung f\u00fcr k\u00f6rperliche und seelische Gesundheit. &nbsp; &hellip; <\/p>\n<p><a href=\"https:\/\/www.naturheilatelier.ch\/?page_id=276\" class=\"more-link\"><span class=\"morelink-icon\">Weiterlesen<\/span><\/a><\/p>\n","protected":false},"author":1,"featured_media":0,"parent":18,"menu_order":12,"comment_status":"closed","ping_status":"closed","template":"","meta":{"jetpack_post_was_ever_published":false,"footnotes":""},"class_list":["post-276","page","type-page","status-publish","hentry"],"jetpack_sharing_enabled":true,"jetpack_shortlink":"https:\/\/wp.me\/P8ZKkB-4s","jetpack-related-posts":[],"_links":{"self":[{"href":"https:\/\/www.naturheilatelier.ch\/index.php?rest_route=\/wp\/v2\/pages\/276","targetHints":{"allow":["GET"]}}],"collection":[{"href":"https:\/\/www.naturheilatelier.ch\/index.php?rest_route=\/wp\/v2\/pages"}],"about":[{"href":"https:\/\/www.naturheilatelier.ch\/index.php?rest_route=\/wp\/v2\/types\/page"}],"author":[{"embeddable":true,"href":"https:\/\/www.naturheilatelier.ch\/index.php?rest_route=\/wp\/v2\/users\/1"}],"replies":[{"embeddable":true,"href":"https:\/\/www.naturheilatelier.ch\/index.php?rest_route=%2Fwp%2Fv2%2Fcomments&post=276"}],"version-history":[{"count":5,"href":"https:\/\/www.naturheilatelier.ch\/index.php?rest_route=\/wp\/v2\/pages\/276\/revisions"}],"predecessor-version":[{"id":515,"href":"https:\/\/www.naturheilatelier.ch\/index.php?rest_route=\/wp\/v2\/pages\/276\/revisions\/515"}],"up":[{"embeddable":true,"href":"https:\/\/www.naturheilatelier.ch\/index.php?rest_route=\/wp\/v2\/pages\/18"}],"wp:attachment":[{"href":"https:\/\/www.naturheilatelier.ch\/index.php?rest_route=%2Fwp%2Fv2%2Fmedia&parent=276"}],"curies":[{"name":"wp","href":"https:\/\/api.w.org\/{rel}","templated":true}]}}