{"id":272,"date":"2017-07-18T17:49:51","date_gmt":"2017-07-18T17:49:51","guid":{"rendered":"http:\/\/www.naturheilatelier.ch\/?page_id=272"},"modified":"2023-03-01T07:21:35","modified_gmt":"2023-03-01T07:21:35","slug":"haltungs-und-ganganalyse-orthostatik","status":"publish","type":"page","link":"https:\/\/www.naturheilatelier.ch\/?page_id=272","title":{"rendered":"Dunkelfeld Vitalblutuntersuchung"},"content":{"rendered":"<p><img data-recalc-dims=\"1\" loading=\"lazy\" decoding=\"async\" data-attachment-id=\"398\" data-permalink=\"https:\/\/www.naturheilatelier.ch\/?attachment_id=398\" data-orig-file=\"https:\/\/i0.wp.com\/www.naturheilatelier.ch\/wp-content\/uploads\/2017\/07\/Ortho_Strand_Seite.png?fit=1180%2C500&amp;ssl=1\" data-orig-size=\"1180,500\" data-comments-opened=\"1\" data-image-meta=\"{&quot;aperture&quot;:&quot;0&quot;,&quot;credit&quot;:&quot;&quot;,&quot;camera&quot;:&quot;&quot;,&quot;caption&quot;:&quot;&quot;,&quot;created_timestamp&quot;:&quot;0&quot;,&quot;copyright&quot;:&quot;&quot;,&quot;focal_length&quot;:&quot;0&quot;,&quot;iso&quot;:&quot;0&quot;,&quot;shutter_speed&quot;:&quot;0&quot;,&quot;title&quot;:&quot;&quot;,&quot;orientation&quot;:&quot;0&quot;}\" data-image-title=\"Ortho_Strand_Seite\" data-image-description=\"\" data-image-caption=\"\" data-medium-file=\"https:\/\/i0.wp.com\/www.naturheilatelier.ch\/wp-content\/uploads\/2017\/07\/Ortho_Strand_Seite.png?fit=300%2C127&amp;ssl=1\" data-large-file=\"https:\/\/i0.wp.com\/www.naturheilatelier.ch\/wp-content\/uploads\/2017\/07\/Ortho_Strand_Seite.png?fit=960%2C407&amp;ssl=1\" class=\"alignleft wp-image-398 size-full\" src=\"https:\/\/i0.wp.com\/www.naturheilatelier.ch\/wp-content\/uploads\/2017\/07\/Ortho_Strand_Seite.png?resize=960%2C407\" alt=\"\" width=\"960\" height=\"407\" srcset=\"https:\/\/i0.wp.com\/www.naturheilatelier.ch\/wp-content\/uploads\/2017\/07\/Ortho_Strand_Seite.png?w=1180&amp;ssl=1 1180w, https:\/\/i0.wp.com\/www.naturheilatelier.ch\/wp-content\/uploads\/2017\/07\/Ortho_Strand_Seite.png?resize=300%2C127&amp;ssl=1 300w, https:\/\/i0.wp.com\/www.naturheilatelier.ch\/wp-content\/uploads\/2017\/07\/Ortho_Strand_Seite.png?resize=768%2C325&amp;ssl=1 768w, https:\/\/i0.wp.com\/www.naturheilatelier.ch\/wp-content\/uploads\/2017\/07\/Ortho_Strand_Seite.png?resize=1024%2C434&amp;ssl=1 1024w\" sizes=\"auto, (max-width: 960px) 100vw, 960px\" \/><br \/>\nBei der Dunkelfelddiagnostik liefert ein Blutstropfen Informationen \u00fcber die k\u00f6rperliche Gesamtsituation. Anhand der Beschaffenheit des Blutes und der Blutk\u00f6rperchen k\u00f6nnen R\u00fcckschl\u00fcsse auf das Milieu des K\u00f6rpers, \u00fcber pathogene Ver\u00e4nderungen des Blutes und \u00fcber die Gerinnungssituation gezogen werden.<\/p>\n<p>f\u00fcr weiterf\u00fchrende Infos bitte tel: 079 303 30 24<\/p>\n","protected":false},"excerpt":{"rendered":"<p>Bei der Dunkelfelddiagnostik liefert ein Blutstropfen Informationen \u00fcber die k\u00f6rperliche Gesamtsituation. Anhand der Beschaffenheit des Blutes und der Blutk\u00f6rperchen k\u00f6nnen R\u00fcckschl\u00fcsse auf das Milieu des K\u00f6rpers, \u00fcber pathogene Ver\u00e4nderungen des Blutes und \u00fcber die Gerinnungssituation gezogen werden. f\u00fcr weiterf\u00fchrende Infos bitte tel: 079 303 30 24<\/p>\n","protected":false},"author":1,"featured_media":0,"parent":18,"menu_order":10,"comment_status":"closed","ping_status":"closed","template":"","meta":{"jetpack_post_was_ever_published":false,"footnotes":""},"class_list":["post-272","page","type-page","status-publish","hentry"],"jetpack_sharing_enabled":true,"jetpack_shortlink":"https:\/\/wp.me\/P8ZKkB-4o","jetpack-related-posts":[],"_links":{"self":[{"href":"https:\/\/www.naturheilatelier.ch\/index.php?rest_route=\/wp\/v2\/pages\/272","targetHints":{"allow":["GET"]}}],"collection":[{"href":"https:\/\/www.naturheilatelier.ch\/index.php?rest_route=\/wp\/v2\/pages"}],"about":[{"href":"https:\/\/www.naturheilatelier.ch\/index.php?rest_route=\/wp\/v2\/types\/page"}],"author":[{"embeddable":true,"href":"https:\/\/www.naturheilatelier.ch\/index.php?rest_route=\/wp\/v2\/users\/1"}],"replies":[{"embeddable":true,"href":"https:\/\/www.naturheilatelier.ch\/index.php?rest_route=%2Fwp%2Fv2%2Fcomments&post=272"}],"version-history":[{"count":8,"href":"https:\/\/www.naturheilatelier.ch\/index.php?rest_route=\/wp\/v2\/pages\/272\/revisions"}],"predecessor-version":[{"id":566,"href":"https:\/\/www.naturheilatelier.ch\/index.php?rest_route=\/wp\/v2\/pages\/272\/revisions\/566"}],"up":[{"embeddable":true,"href":"https:\/\/www.naturheilatelier.ch\/index.php?rest_route=\/wp\/v2\/pages\/18"}],"wp:attachment":[{"href":"https:\/\/www.naturheilatelier.ch\/index.php?rest_route=%2Fwp%2Fv2%2Fmedia&parent=272"}],"curies":[{"name":"wp","href":"https:\/\/api.w.org\/{rel}","templated":true}]}}