{"id":267,"date":"2017-07-18T17:47:03","date_gmt":"2017-07-18T17:47:03","guid":{"rendered":"http:\/\/www.naturheilatelier.ch\/?page_id=267"},"modified":"2017-08-24T14:39:19","modified_gmt":"2017-08-24T14:39:19","slug":"dorn-therapie","status":"publish","type":"page","link":"https:\/\/www.naturheilatelier.ch\/?page_id=267","title":{"rendered":"Dorn-Therapie"},"content":{"rendered":"<p><img data-recalc-dims=\"1\" loading=\"lazy\" decoding=\"async\" data-attachment-id=\"384\" data-permalink=\"https:\/\/www.naturheilatelier.ch\/?attachment_id=384\" data-orig-file=\"https:\/\/i0.wp.com\/www.naturheilatelier.ch\/wp-content\/uploads\/2017\/07\/Stein_Seite.png?fit=1180%2C500&amp;ssl=1\" data-orig-size=\"1180,500\" data-comments-opened=\"1\" data-image-meta=\"{&quot;aperture&quot;:&quot;0&quot;,&quot;credit&quot;:&quot;&quot;,&quot;camera&quot;:&quot;&quot;,&quot;caption&quot;:&quot;&quot;,&quot;created_timestamp&quot;:&quot;0&quot;,&quot;copyright&quot;:&quot;&quot;,&quot;focal_length&quot;:&quot;0&quot;,&quot;iso&quot;:&quot;0&quot;,&quot;shutter_speed&quot;:&quot;0&quot;,&quot;title&quot;:&quot;&quot;,&quot;orientation&quot;:&quot;0&quot;}\" data-image-title=\"Stein_Seite\" data-image-description=\"\" data-image-caption=\"\" data-medium-file=\"https:\/\/i0.wp.com\/www.naturheilatelier.ch\/wp-content\/uploads\/2017\/07\/Stein_Seite.png?fit=300%2C127&amp;ssl=1\" data-large-file=\"https:\/\/i0.wp.com\/www.naturheilatelier.ch\/wp-content\/uploads\/2017\/07\/Stein_Seite.png?fit=960%2C407&amp;ssl=1\" class=\"aligncenter wp-image-384 size-full\" src=\"https:\/\/i0.wp.com\/www.naturheilatelier.ch\/wp-content\/uploads\/2017\/07\/Stein_Seite.png?resize=960%2C407\" alt=\"\" width=\"960\" height=\"407\" srcset=\"https:\/\/i0.wp.com\/www.naturheilatelier.ch\/wp-content\/uploads\/2017\/07\/Stein_Seite.png?w=1180&amp;ssl=1 1180w, https:\/\/i0.wp.com\/www.naturheilatelier.ch\/wp-content\/uploads\/2017\/07\/Stein_Seite.png?resize=300%2C127&amp;ssl=1 300w, https:\/\/i0.wp.com\/www.naturheilatelier.ch\/wp-content\/uploads\/2017\/07\/Stein_Seite.png?resize=768%2C325&amp;ssl=1 768w, https:\/\/i0.wp.com\/www.naturheilatelier.ch\/wp-content\/uploads\/2017\/07\/Stein_Seite.png?resize=1024%2C434&amp;ssl=1 1024w\" sizes=\"auto, (max-width: 960px) 100vw, 960px\" \/><\/p>\n<p>St\u00fcrze, Unf\u00e4lle, einseitige Belastungen etc. k\u00f6nnen die Ursachen f\u00fcr Fehlstellungen der Gelenke und Wirbel sein.\u00a0Bereits kleinste Wirbelverschiebungen k\u00f6nnen diverse k\u00f6rperliche Probleme verursachen, wie z.B. Kopfschmerzen, muskul\u00e4re Verspannungen, R\u00fcckenprobleme, Gelenkprobleme und vieles mehr.<\/p>\n<p>Die Dorn-Therapie ist eine sanfte, effiziente und sichere manuelle Therapie, die Ihre innere Balance durch das sanfte Richten der Knochen, Sehnen, B\u00e4nder und Faszien wieder herstellt. \u00dcber dynamische Muskelbewegungen werden Wirbel bzw. Gelenke wieder in die richtige Position gebracht.<\/p>\n<p>Ziel dieser Therapie ist ein gerade ausgerichtetes Becken (keine blockierte ISG- und\/oder H\u00fcftgelenke), gleichlange Beine und Arme und eine aufrechte Wirbels\u00e4ule, was ein verbessertes Wohlbefinden mit sich bringt.<\/p>\n<p><img data-recalc-dims=\"1\" loading=\"lazy\" decoding=\"async\" data-attachment-id=\"395\" data-permalink=\"https:\/\/www.naturheilatelier.ch\/?attachment_id=395\" data-orig-file=\"https:\/\/i0.wp.com\/www.naturheilatelier.ch\/wp-content\/uploads\/2017\/07\/Dorntherapie.jpg?fit=1180%2C800&amp;ssl=1\" data-orig-size=\"1180,800\" data-comments-opened=\"1\" data-image-meta=\"{&quot;aperture&quot;:&quot;8&quot;,&quot;credit&quot;:&quot;BARBARA_FORSLUND-LEU&quot;,&quot;camera&quot;:&quot;NIKON D7000&quot;,&quot;caption&quot;:&quot;&quot;,&quot;created_timestamp&quot;:&quot;1500288635&quot;,&quot;copyright&quot;:&quot;Forslundphoto.com&quot;,&quot;focal_length&quot;:&quot;24&quot;,&quot;iso&quot;:&quot;800&quot;,&quot;shutter_speed&quot;:&quot;0.076923076923077&quot;,&quot;title&quot;:&quot;&quot;,&quot;orientation&quot;:&quot;1&quot;}\" data-image-title=\"Dorntherapie\" data-image-description=\"\" data-image-caption=\"\" data-medium-file=\"https:\/\/i0.wp.com\/www.naturheilatelier.ch\/wp-content\/uploads\/2017\/07\/Dorntherapie.jpg?fit=300%2C203&amp;ssl=1\" data-large-file=\"https:\/\/i0.wp.com\/www.naturheilatelier.ch\/wp-content\/uploads\/2017\/07\/Dorntherapie.jpg?fit=960%2C651&amp;ssl=1\" class=\"alignleft wp-image-395\" src=\"https:\/\/i0.wp.com\/www.naturheilatelier.ch\/wp-content\/uploads\/2017\/07\/Dorntherapie.jpg?resize=590%2C400\" alt=\"\" width=\"590\" height=\"400\" srcset=\"https:\/\/i0.wp.com\/www.naturheilatelier.ch\/wp-content\/uploads\/2017\/07\/Dorntherapie.jpg?w=1180&amp;ssl=1 1180w, https:\/\/i0.wp.com\/www.naturheilatelier.ch\/wp-content\/uploads\/2017\/07\/Dorntherapie.jpg?resize=300%2C203&amp;ssl=1 300w, https:\/\/i0.wp.com\/www.naturheilatelier.ch\/wp-content\/uploads\/2017\/07\/Dorntherapie.jpg?resize=768%2C521&amp;ssl=1 768w, https:\/\/i0.wp.com\/www.naturheilatelier.ch\/wp-content\/uploads\/2017\/07\/Dorntherapie.jpg?resize=1024%2C694&amp;ssl=1 1024w\" sizes=\"auto, (max-width: 590px) 100vw, 590px\" \/><\/p>\n","protected":false},"excerpt":{"rendered":"<p>St\u00fcrze, Unf\u00e4lle, einseitige Belastungen etc. k\u00f6nnen die Ursachen f\u00fcr Fehlstellungen der Gelenke und Wirbel sein.\u00a0Bereits kleinste Wirbelverschiebungen k\u00f6nnen diverse k\u00f6rperliche Probleme verursachen, wie z.B. Kopfschmerzen, muskul\u00e4re Verspannungen, R\u00fcckenprobleme, Gelenkprobleme und vieles mehr. Die Dorn-Therapie ist eine sanfte, effiziente und sichere manuelle Therapie, die Ihre innere Balance &hellip; <\/p>\n<p><a href=\"https:\/\/www.naturheilatelier.ch\/?page_id=267\" class=\"more-link\"><span class=\"morelink-icon\">Weiterlesen<\/span><\/a><\/p>\n","protected":false},"author":1,"featured_media":0,"parent":18,"menu_order":9,"comment_status":"closed","ping_status":"closed","template":"","meta":{"jetpack_post_was_ever_published":false,"footnotes":""},"class_list":["post-267","page","type-page","status-publish","hentry"],"jetpack_sharing_enabled":true,"jetpack_shortlink":"https:\/\/wp.me\/P8ZKkB-4j","jetpack-related-posts":[],"_links":{"self":[{"href":"https:\/\/www.naturheilatelier.ch\/index.php?rest_route=\/wp\/v2\/pages\/267","targetHints":{"allow":["GET"]}}],"collection":[{"href":"https:\/\/www.naturheilatelier.ch\/index.php?rest_route=\/wp\/v2\/pages"}],"about":[{"href":"https:\/\/www.naturheilatelier.ch\/index.php?rest_route=\/wp\/v2\/types\/page"}],"author":[{"embeddable":true,"href":"https:\/\/www.naturheilatelier.ch\/index.php?rest_route=\/wp\/v2\/users\/1"}],"replies":[{"embeddable":true,"href":"https:\/\/www.naturheilatelier.ch\/index.php?rest_route=%2Fwp%2Fv2%2Fcomments&post=267"}],"version-history":[{"count":6,"href":"https:\/\/www.naturheilatelier.ch\/index.php?rest_route=\/wp\/v2\/pages\/267\/revisions"}],"predecessor-version":[{"id":397,"href":"https:\/\/www.naturheilatelier.ch\/index.php?rest_route=\/wp\/v2\/pages\/267\/revisions\/397"}],"up":[{"embeddable":true,"href":"https:\/\/www.naturheilatelier.ch\/index.php?rest_route=\/wp\/v2\/pages\/18"}],"wp:attachment":[{"href":"https:\/\/www.naturheilatelier.ch\/index.php?rest_route=%2Fwp%2Fv2%2Fmedia&parent=267"}],"curies":[{"name":"wp","href":"https:\/\/api.w.org\/{rel}","templated":true}]}}