{"id":265,"date":"2017-07-18T17:46:11","date_gmt":"2017-07-18T17:46:11","guid":{"rendered":"http:\/\/www.naturheilatelier.ch\/?page_id=265"},"modified":"2017-09-30T15:26:37","modified_gmt":"2017-09-30T15:26:37","slug":"reflexzonentherapie","status":"publish","type":"page","link":"https:\/\/www.naturheilatelier.ch\/?page_id=265","title":{"rendered":"Reflexzonentherapie"},"content":{"rendered":"<p><strong><img data-recalc-dims=\"1\" loading=\"lazy\" decoding=\"async\" data-attachment-id=\"316\" data-permalink=\"https:\/\/www.naturheilatelier.ch\/?attachment_id=316\" data-orig-file=\"https:\/\/i0.wp.com\/www.naturheilatelier.ch\/wp-content\/uploads\/2017\/07\/Sukkulente.png?fit=1180%2C500&amp;ssl=1\" data-orig-size=\"1180,500\" data-comments-opened=\"1\" data-image-meta=\"{&quot;aperture&quot;:&quot;0&quot;,&quot;credit&quot;:&quot;&quot;,&quot;camera&quot;:&quot;&quot;,&quot;caption&quot;:&quot;&quot;,&quot;created_timestamp&quot;:&quot;0&quot;,&quot;copyright&quot;:&quot;&quot;,&quot;focal_length&quot;:&quot;0&quot;,&quot;iso&quot;:&quot;0&quot;,&quot;shutter_speed&quot;:&quot;0&quot;,&quot;title&quot;:&quot;&quot;,&quot;orientation&quot;:&quot;0&quot;}\" data-image-title=\"Sukkulente\" data-image-description=\"\" data-image-caption=\"\" data-medium-file=\"https:\/\/i0.wp.com\/www.naturheilatelier.ch\/wp-content\/uploads\/2017\/07\/Sukkulente.png?fit=300%2C127&amp;ssl=1\" data-large-file=\"https:\/\/i0.wp.com\/www.naturheilatelier.ch\/wp-content\/uploads\/2017\/07\/Sukkulente.png?fit=960%2C407&amp;ssl=1\" class=\"aligncenter size-full wp-image-316\" src=\"https:\/\/i0.wp.com\/www.naturheilatelier.ch\/wp-content\/uploads\/2017\/07\/Sukkulente.png?resize=960%2C407\" alt=\"\" width=\"960\" height=\"407\" srcset=\"https:\/\/i0.wp.com\/www.naturheilatelier.ch\/wp-content\/uploads\/2017\/07\/Sukkulente.png?w=1180&amp;ssl=1 1180w, https:\/\/i0.wp.com\/www.naturheilatelier.ch\/wp-content\/uploads\/2017\/07\/Sukkulente.png?resize=300%2C127&amp;ssl=1 300w, https:\/\/i0.wp.com\/www.naturheilatelier.ch\/wp-content\/uploads\/2017\/07\/Sukkulente.png?resize=768%2C325&amp;ssl=1 768w, https:\/\/i0.wp.com\/www.naturheilatelier.ch\/wp-content\/uploads\/2017\/07\/Sukkulente.png?resize=1024%2C434&amp;ssl=1 1024w\" sizes=\"auto, (max-width: 960px) 100vw, 960px\" \/> <\/strong><\/p>\n<ul>\n<li><strong>Fussreflexzonenmassage<\/strong><\/li>\n<\/ul>\n<p>An den F\u00fcssen befinden sich Reflexzonen, die mit dem gesamten K\u00f6rper in Verbindung stehen, so dass jedes Organ, der gesamte Mensch \u00fcber die F\u00fcsse erreicht werden kann.<br \/>\nDie Fussreflexzonentherapie erkennt und beseitigt Energiest\u00f6rungen, wirkt entspannend auf K\u00f6rper, Geist und Seele, regt die Selbstheilungskr\u00e4fte an und st\u00e4rkt Organe und K\u00f6rperfunktionen.<br \/>\nSie ist eine tolle Hilfe bei Kopfschmerzen, Verdauungsbeschwerden, Muskelverspannungen, chronischen Atemwegsbeschwerden, Menstruationsbeschwerden, Hautallergien, Schlafst\u00f6rungen und vielem mehr. Fussreflexzonenmassage eignet sich f\u00fcr Menschen jeden Alters und kann problemlos mit anderen Therapieformen kombiniert werden.<\/p>\n<p>&nbsp;<\/p>\n<ul>\n<li><strong>Aurikulotherapie (Ohrakupressur)<br \/>\n<\/strong><\/li>\n<\/ul>\n<p>Punkte auf der Haut der Ohrmuschel werden zur Diagnose und Behandlung von Schmerzen und Erkrankungen des K\u00f6rpers verwendet. Ob in Verbindung mit einer anderen Behandlung oder allein angewendet, Aurikulotherapie ist oft effektiv und bekannt f\u00fcr Schmerztherapie, S\u00fcchte aller Art, innere Erkrankungen, emotionale Probleme, und zur Stabilisierung des Immunsystems.<\/p>\n<div class=\"two-columns-one\">\n<div id=\"attachment_392\" style=\"width: 1190px\" class=\"wp-caption alignleft\"><img data-recalc-dims=\"1\" loading=\"lazy\" decoding=\"async\" aria-describedby=\"caption-attachment-392\" data-attachment-id=\"392\" data-permalink=\"https:\/\/www.naturheilatelier.ch\/?attachment_id=392\" data-orig-file=\"https:\/\/i0.wp.com\/www.naturheilatelier.ch\/wp-content\/uploads\/2017\/07\/Refelexzonen_1.jpg?fit=1180%2C800&amp;ssl=1\" data-orig-size=\"1180,800\" data-comments-opened=\"1\" data-image-meta=\"{&quot;aperture&quot;:&quot;8&quot;,&quot;credit&quot;:&quot;BARBARA_FORSLUND-LEU&quot;,&quot;camera&quot;:&quot;NIKON D7000&quot;,&quot;caption&quot;:&quot;&quot;,&quot;created_timestamp&quot;:&quot;1500289718&quot;,&quot;copyright&quot;:&quot;Forslundphoto.com&quot;,&quot;focal_length&quot;:&quot;38&quot;,&quot;iso&quot;:&quot;800&quot;,&quot;shutter_speed&quot;:&quot;0.05&quot;,&quot;title&quot;:&quot;&quot;,&quot;orientation&quot;:&quot;1&quot;}\" data-image-title=\"Refelexzonen_1\" data-image-description=\"\" data-image-caption=\"&lt;p&gt;Fussreflexzonenmassage&lt;\/p&gt;\n\" data-medium-file=\"https:\/\/i0.wp.com\/www.naturheilatelier.ch\/wp-content\/uploads\/2017\/07\/Refelexzonen_1.jpg?fit=300%2C203&amp;ssl=1\" data-large-file=\"https:\/\/i0.wp.com\/www.naturheilatelier.ch\/wp-content\/uploads\/2017\/07\/Refelexzonen_1.jpg?fit=960%2C651&amp;ssl=1\" class=\"wp-image-392 size-full\" src=\"https:\/\/i0.wp.com\/www.naturheilatelier.ch\/wp-content\/uploads\/2017\/07\/Refelexzonen_1.jpg?resize=960%2C651\" alt=\"\" width=\"960\" height=\"651\" srcset=\"https:\/\/i0.wp.com\/www.naturheilatelier.ch\/wp-content\/uploads\/2017\/07\/Refelexzonen_1.jpg?w=1180&amp;ssl=1 1180w, https:\/\/i0.wp.com\/www.naturheilatelier.ch\/wp-content\/uploads\/2017\/07\/Refelexzonen_1.jpg?resize=300%2C203&amp;ssl=1 300w, https:\/\/i0.wp.com\/www.naturheilatelier.ch\/wp-content\/uploads\/2017\/07\/Refelexzonen_1.jpg?resize=768%2C521&amp;ssl=1 768w, https:\/\/i0.wp.com\/www.naturheilatelier.ch\/wp-content\/uploads\/2017\/07\/Refelexzonen_1.jpg?resize=1024%2C694&amp;ssl=1 1024w\" sizes=\"auto, (max-width: 960px) 100vw, 960px\" \/><p id=\"caption-attachment-392\" class=\"wp-caption-text\">Fussreflexzonenmassage<\/p><\/div>\n<\/div>\n<div class=\"two-columns-one last\">\n<div id=\"attachment_391\" style=\"width: 1190px\" class=\"wp-caption alignleft\"><img data-recalc-dims=\"1\" loading=\"lazy\" decoding=\"async\" aria-describedby=\"caption-attachment-391\" data-attachment-id=\"391\" data-permalink=\"https:\/\/www.naturheilatelier.ch\/?attachment_id=391\" data-orig-file=\"https:\/\/i0.wp.com\/www.naturheilatelier.ch\/wp-content\/uploads\/2017\/07\/Refelexzonen_2.jpg?fit=1180%2C800&amp;ssl=1\" data-orig-size=\"1180,800\" data-comments-opened=\"1\" data-image-meta=\"{&quot;aperture&quot;:&quot;9&quot;,&quot;credit&quot;:&quot;BARBARA_FORSLUND-LEU&quot;,&quot;camera&quot;:&quot;NIKON D7000&quot;,&quot;caption&quot;:&quot;&quot;,&quot;created_timestamp&quot;:&quot;1500290234&quot;,&quot;copyright&quot;:&quot;Forslundphoto.com&quot;,&quot;focal_length&quot;:&quot;120&quot;,&quot;iso&quot;:&quot;800&quot;,&quot;shutter_speed&quot;:&quot;0.05&quot;,&quot;title&quot;:&quot;&quot;,&quot;orientation&quot;:&quot;1&quot;}\" data-image-title=\"Refelexzonen_2\" data-image-description=\"\" data-image-caption=\"&lt;p&gt;Ohrakkupressur&lt;\/p&gt;\n\" data-medium-file=\"https:\/\/i0.wp.com\/www.naturheilatelier.ch\/wp-content\/uploads\/2017\/07\/Refelexzonen_2.jpg?fit=300%2C203&amp;ssl=1\" data-large-file=\"https:\/\/i0.wp.com\/www.naturheilatelier.ch\/wp-content\/uploads\/2017\/07\/Refelexzonen_2.jpg?fit=960%2C651&amp;ssl=1\" class=\"wp-image-391 size-full\" src=\"https:\/\/i0.wp.com\/www.naturheilatelier.ch\/wp-content\/uploads\/2017\/07\/Refelexzonen_2.jpg?resize=960%2C651\" alt=\"\" width=\"960\" height=\"651\" srcset=\"https:\/\/i0.wp.com\/www.naturheilatelier.ch\/wp-content\/uploads\/2017\/07\/Refelexzonen_2.jpg?w=1180&amp;ssl=1 1180w, https:\/\/i0.wp.com\/www.naturheilatelier.ch\/wp-content\/uploads\/2017\/07\/Refelexzonen_2.jpg?resize=300%2C203&amp;ssl=1 300w, https:\/\/i0.wp.com\/www.naturheilatelier.ch\/wp-content\/uploads\/2017\/07\/Refelexzonen_2.jpg?resize=768%2C521&amp;ssl=1 768w, https:\/\/i0.wp.com\/www.naturheilatelier.ch\/wp-content\/uploads\/2017\/07\/Refelexzonen_2.jpg?resize=1024%2C694&amp;ssl=1 1024w\" sizes=\"auto, (max-width: 960px) 100vw, 960px\" \/><p id=\"caption-attachment-391\" class=\"wp-caption-text\">Ohrakupressur<\/p><\/div>\n<\/div>\n<div class=\"divider\"><\/div>\n","protected":false},"excerpt":{"rendered":"<p>Fussreflexzonenmassage An den F\u00fcssen befinden sich Reflexzonen, die mit dem gesamten K\u00f6rper in Verbindung stehen, so dass jedes Organ, der gesamte Mensch \u00fcber die F\u00fcsse erreicht werden kann. Die Fussreflexzonentherapie erkennt und beseitigt Energiest\u00f6rungen, wirkt entspannend auf K\u00f6rper, Geist und Seele, regt die Selbstheilungskr\u00e4fte an und &hellip; <\/p>\n<p><a href=\"https:\/\/www.naturheilatelier.ch\/?page_id=265\" class=\"more-link\"><span class=\"morelink-icon\">Weiterlesen<\/span><\/a><\/p>\n","protected":false},"author":1,"featured_media":0,"parent":18,"menu_order":8,"comment_status":"closed","ping_status":"closed","template":"","meta":{"jetpack_post_was_ever_published":false,"footnotes":""},"class_list":["post-265","page","type-page","status-publish","hentry"],"jetpack_sharing_enabled":true,"jetpack_shortlink":"https:\/\/wp.me\/P8ZKkB-4h","jetpack-related-posts":[],"_links":{"self":[{"href":"https:\/\/www.naturheilatelier.ch\/index.php?rest_route=\/wp\/v2\/pages\/265","targetHints":{"allow":["GET"]}}],"collection":[{"href":"https:\/\/www.naturheilatelier.ch\/index.php?rest_route=\/wp\/v2\/pages"}],"about":[{"href":"https:\/\/www.naturheilatelier.ch\/index.php?rest_route=\/wp\/v2\/types\/page"}],"author":[{"embeddable":true,"href":"https:\/\/www.naturheilatelier.ch\/index.php?rest_route=\/wp\/v2\/users\/1"}],"replies":[{"embeddable":true,"href":"https:\/\/www.naturheilatelier.ch\/index.php?rest_route=%2Fwp%2Fv2%2Fcomments&post=265"}],"version-history":[{"count":9,"href":"https:\/\/www.naturheilatelier.ch\/index.php?rest_route=\/wp\/v2\/pages\/265\/revisions"}],"predecessor-version":[{"id":514,"href":"https:\/\/www.naturheilatelier.ch\/index.php?rest_route=\/wp\/v2\/pages\/265\/revisions\/514"}],"up":[{"embeddable":true,"href":"https:\/\/www.naturheilatelier.ch\/index.php?rest_route=\/wp\/v2\/pages\/18"}],"wp:attachment":[{"href":"https:\/\/www.naturheilatelier.ch\/index.php?rest_route=%2Fwp%2Fv2%2Fmedia&parent=265"}],"curies":[{"name":"wp","href":"https:\/\/api.w.org\/{rel}","templated":true}]}}