{"id":262,"date":"2017-07-18T17:43:46","date_gmt":"2017-07-18T17:43:46","guid":{"rendered":"http:\/\/www.naturheilatelier.ch\/?page_id=262"},"modified":"2017-09-30T15:25:41","modified_gmt":"2017-09-30T15:25:41","slug":"irisdiagnose-antlitzdiagnose","status":"publish","type":"page","link":"https:\/\/www.naturheilatelier.ch\/?page_id=262","title":{"rendered":"Irisdiagnose \/ Antlitzdiagnose"},"content":{"rendered":"<p><img data-recalc-dims=\"1\" loading=\"lazy\" decoding=\"async\" data-attachment-id=\"313\" data-permalink=\"https:\/\/www.naturheilatelier.ch\/?attachment_id=313\" data-orig-file=\"https:\/\/i0.wp.com\/www.naturheilatelier.ch\/wp-content\/uploads\/2017\/07\/Iris_Seite.png?fit=1180%2C500&amp;ssl=1\" data-orig-size=\"1180,500\" data-comments-opened=\"1\" data-image-meta=\"{&quot;aperture&quot;:&quot;0&quot;,&quot;credit&quot;:&quot;&quot;,&quot;camera&quot;:&quot;&quot;,&quot;caption&quot;:&quot;&quot;,&quot;created_timestamp&quot;:&quot;0&quot;,&quot;copyright&quot;:&quot;&quot;,&quot;focal_length&quot;:&quot;0&quot;,&quot;iso&quot;:&quot;0&quot;,&quot;shutter_speed&quot;:&quot;0&quot;,&quot;title&quot;:&quot;&quot;,&quot;orientation&quot;:&quot;0&quot;}\" data-image-title=\"Iris_Seite\" data-image-description=\"\" data-image-caption=\"\" data-medium-file=\"https:\/\/i0.wp.com\/www.naturheilatelier.ch\/wp-content\/uploads\/2017\/07\/Iris_Seite.png?fit=300%2C127&amp;ssl=1\" data-large-file=\"https:\/\/i0.wp.com\/www.naturheilatelier.ch\/wp-content\/uploads\/2017\/07\/Iris_Seite.png?fit=960%2C407&amp;ssl=1\" class=\"aligncenter size-full wp-image-313\" src=\"https:\/\/i0.wp.com\/www.naturheilatelier.ch\/wp-content\/uploads\/2017\/07\/Iris_Seite.png?resize=960%2C407\" alt=\"\" width=\"960\" height=\"407\" srcset=\"https:\/\/i0.wp.com\/www.naturheilatelier.ch\/wp-content\/uploads\/2017\/07\/Iris_Seite.png?w=1180&amp;ssl=1 1180w, https:\/\/i0.wp.com\/www.naturheilatelier.ch\/wp-content\/uploads\/2017\/07\/Iris_Seite.png?resize=300%2C127&amp;ssl=1 300w, https:\/\/i0.wp.com\/www.naturheilatelier.ch\/wp-content\/uploads\/2017\/07\/Iris_Seite.png?resize=768%2C325&amp;ssl=1 768w, https:\/\/i0.wp.com\/www.naturheilatelier.ch\/wp-content\/uploads\/2017\/07\/Iris_Seite.png?resize=1024%2C434&amp;ssl=1 1024w\" sizes=\"auto, (max-width: 960px) 100vw, 960px\" \/><\/p>\n<ul>\n<li><strong>Irisdiagnose <\/strong><\/li>\n<\/ul>\n<p>Die Augendiagnose l\u00e4sst uns die Konstitution eines Menschen erkennen; sie gibt uns Fingerzeige auf erblich bedingte Schwachstellen, belastete Bereiche und entgleisten Stoffwechsel.<\/p>\n<p>Mit Hilfe einer Lupe untersuche ich die Struktur, Farbe, Form und Pigmentierung der Iris und ihrer Umgebung.<\/p>\n<p>Die Irisdiagnose dient der Pr\u00e4vention und Vorbeugung von Krankheiten und gibt wertvolle Hinweise \u00fcber die gesundheitliche Verfassung eines Menschen. Mit Hilfe dieser Perspektive kann eine Therapie noch individueller angepasst werden.<\/p>\n<p>&nbsp;<\/p>\n<ul>\n<li><strong>Antlitzdiagnose<\/strong><\/li>\n<\/ul>\n<p>Der Gesundheitszustand eines Menschen l\u00e4sst sich am Gesicht und K\u00f6rper ablesen. Wie bei den Reflexzonen an den F\u00fcssen, gibt es auch im Gesicht Regionen, die den entsprechenden Organen zugeordet sind. Hautbeschaffenheit, Falten, Farbe etc. geben Aufschluss \u00fcber die psychische und physische Gesundheit eines Menschen.<\/p>\n","protected":false},"excerpt":{"rendered":"<p>Irisdiagnose Die Augendiagnose l\u00e4sst uns die Konstitution eines Menschen erkennen; sie gibt uns Fingerzeige auf erblich bedingte Schwachstellen, belastete Bereiche und entgleisten Stoffwechsel. Mit Hilfe einer Lupe untersuche ich die Struktur, Farbe, Form und Pigmentierung der Iris und ihrer Umgebung. Die Irisdiagnose dient der Pr\u00e4vention und &hellip; <\/p>\n<p><a href=\"https:\/\/www.naturheilatelier.ch\/?page_id=262\" class=\"more-link\"><span class=\"morelink-icon\">Weiterlesen<\/span><\/a><\/p>\n","protected":false},"author":1,"featured_media":0,"parent":18,"menu_order":7,"comment_status":"closed","ping_status":"closed","template":"","meta":{"jetpack_post_was_ever_published":false,"footnotes":""},"class_list":["post-262","page","type-page","status-publish","hentry"],"jetpack_sharing_enabled":true,"jetpack_shortlink":"https:\/\/wp.me\/P8ZKkB-4e","jetpack-related-posts":[],"_links":{"self":[{"href":"https:\/\/www.naturheilatelier.ch\/index.php?rest_route=\/wp\/v2\/pages\/262","targetHints":{"allow":["GET"]}}],"collection":[{"href":"https:\/\/www.naturheilatelier.ch\/index.php?rest_route=\/wp\/v2\/pages"}],"about":[{"href":"https:\/\/www.naturheilatelier.ch\/index.php?rest_route=\/wp\/v2\/types\/page"}],"author":[{"embeddable":true,"href":"https:\/\/www.naturheilatelier.ch\/index.php?rest_route=\/wp\/v2\/users\/1"}],"replies":[{"embeddable":true,"href":"https:\/\/www.naturheilatelier.ch\/index.php?rest_route=%2Fwp%2Fv2%2Fcomments&post=262"}],"version-history":[{"count":7,"href":"https:\/\/www.naturheilatelier.ch\/index.php?rest_route=\/wp\/v2\/pages\/262\/revisions"}],"predecessor-version":[{"id":513,"href":"https:\/\/www.naturheilatelier.ch\/index.php?rest_route=\/wp\/v2\/pages\/262\/revisions\/513"}],"up":[{"embeddable":true,"href":"https:\/\/www.naturheilatelier.ch\/index.php?rest_route=\/wp\/v2\/pages\/18"}],"wp:attachment":[{"href":"https:\/\/www.naturheilatelier.ch\/index.php?rest_route=%2Fwp%2Fv2%2Fmedia&parent=262"}],"curies":[{"name":"wp","href":"https:\/\/api.w.org\/{rel}","templated":true}]}}