{"id":246,"date":"2017-07-18T16:56:07","date_gmt":"2017-07-18T16:56:07","guid":{"rendered":"http:\/\/www.naturheilatelier.ch\/?page_id=246"},"modified":"2017-09-30T15:24:26","modified_gmt":"2017-09-30T15:24:26","slug":"ergaenzungsmittel","status":"publish","type":"page","link":"https:\/\/www.naturheilatelier.ch\/?page_id=246","title":{"rendered":"Erg\u00e4nzungsmittel"},"content":{"rendered":"<p><strong><img data-recalc-dims=\"1\" loading=\"lazy\" decoding=\"async\" data-attachment-id=\"381\" data-permalink=\"https:\/\/www.naturheilatelier.ch\/?attachment_id=381\" data-orig-file=\"https:\/\/i0.wp.com\/www.naturheilatelier.ch\/wp-content\/uploads\/2017\/07\/Globuli_Seite.png?fit=1180%2C500&amp;ssl=1\" data-orig-size=\"1180,500\" data-comments-opened=\"1\" data-image-meta=\"{&quot;aperture&quot;:&quot;0&quot;,&quot;credit&quot;:&quot;&quot;,&quot;camera&quot;:&quot;&quot;,&quot;caption&quot;:&quot;&quot;,&quot;created_timestamp&quot;:&quot;0&quot;,&quot;copyright&quot;:&quot;&quot;,&quot;focal_length&quot;:&quot;0&quot;,&quot;iso&quot;:&quot;0&quot;,&quot;shutter_speed&quot;:&quot;0&quot;,&quot;title&quot;:&quot;&quot;,&quot;orientation&quot;:&quot;0&quot;}\" data-image-title=\"Globuli_Seite\" data-image-description=\"\" data-image-caption=\"\" data-medium-file=\"https:\/\/i0.wp.com\/www.naturheilatelier.ch\/wp-content\/uploads\/2017\/07\/Globuli_Seite.png?fit=300%2C127&amp;ssl=1\" data-large-file=\"https:\/\/i0.wp.com\/www.naturheilatelier.ch\/wp-content\/uploads\/2017\/07\/Globuli_Seite.png?fit=960%2C407&amp;ssl=1\" class=\"aligncenter wp-image-381 size-full\" src=\"https:\/\/i0.wp.com\/www.naturheilatelier.ch\/wp-content\/uploads\/2017\/07\/Globuli_Seite.png?resize=960%2C407\" alt=\"\" width=\"960\" height=\"407\" srcset=\"https:\/\/i0.wp.com\/www.naturheilatelier.ch\/wp-content\/uploads\/2017\/07\/Globuli_Seite.png?w=1180&amp;ssl=1 1180w, https:\/\/i0.wp.com\/www.naturheilatelier.ch\/wp-content\/uploads\/2017\/07\/Globuli_Seite.png?resize=300%2C127&amp;ssl=1 300w, https:\/\/i0.wp.com\/www.naturheilatelier.ch\/wp-content\/uploads\/2017\/07\/Globuli_Seite.png?resize=768%2C325&amp;ssl=1 768w, https:\/\/i0.wp.com\/www.naturheilatelier.ch\/wp-content\/uploads\/2017\/07\/Globuli_Seite.png?resize=1024%2C434&amp;ssl=1 1024w\" sizes=\"auto, (max-width: 960px) 100vw, 960px\" \/><\/strong><\/p>\n<ul>\n<li><strong>Sch\u00fcsslersalze<\/strong><\/li>\n<\/ul>\n<p>Der deutsche Arzt Dr. Wilhelm Heinrich Sch\u00fcssler (1821 &#8211; 1898) entdeckte, dass viele Krankheiten durch einen Mangel an Mineralsalzen ausgel\u00f6st werden. Werden die geeigneten Mineralsalze minimal dosiert und &#8222;potenziert&#8220; eingenommen, wirken sie bis in den Zellstoffwechsel hinein und unterst\u00fctzen wirksam die Heilung vieler Beschwerden.<br \/>\nBiochemische Mineralstoffe nach Dr. Sch\u00fcssler f\u00f6rdern somit das Gleichgewicht des Stoffwechsels, beeinflussen positiv die Organfunktionen und lindern Beschwerden verschiedener Ursachen.<br \/>\nDie Sch\u00fcsslersalze 1 bis 12 werden als Basis-Funktionsmittel bezeichnet, Nr. 13 bis 27 sind Erg\u00e4nzungssalze: Jedes Sch\u00fcsslersalz hat ein genau definiertes Wirkspektrum, das sich aus den physiologischen Abl\u00e4ufen im K\u00f6rper erschliesst.<\/p>\n<p>&nbsp;<\/p>\n<ul>\n<li><strong>Spenglersane<\/strong><\/li>\n<\/ul>\n<p>Der Davoser Arzt Dr. Carl Spengler (1860 &#8211; 1937) besch\u00e4ftigte sich stark mit der Tuberkulose und entwickelte dabei die Spenglersan Kolloide.<br \/>\nDie Spenglersane sind mikrobiologische Immunmodulatoren zur aktiven und passiven Immunisierung. Sie bestehen aus Antigenen und Antitoxinen in den Potenzen D9 oder D13.<br \/>\nDadurch, dass viele Krankheiten auf Mischinfektionen, St\u00f6rungen des Immunsystems, Allergien oder Autoimmunerkrankungen zur\u00fcckzuf\u00fchren sind, k\u00f6nnen die Spenglersane bei vielen Erkrankungen erfolgreich eingesetzt werden.<\/p>\n<p>&nbsp;<\/p>\n<ul>\n<li><strong>Hom\u00f6opathie<\/strong><\/li>\n<\/ul>\n<p>Die klassische Hom\u00f6opathie wurde Ende des 18. Jahrhunderts vom deutschen Arzt Samuel Hahnemann (1755 &#8211; 1843) entwickelt. Sie beruht auf den drei Grundprinzipien: \u00c4hnlichkeitsprinzip (Similia similibus), Symptomenhebung (ausf\u00fchrliche Anamnese) und Arzneimittelpr\u00fcfung am gesunden Menschen.<br \/>\nHom\u00f6opathie kann bei allen akuten, aber auch bei chronischen Krankheiten angewendet werden.<br \/>\nAls Naturheilpraktikerin richtet sich mein Einsatzgebiet vor allem auf akute Erkrankungen und Notf\u00e4lle.<\/p>\n<p>&nbsp;<\/p>\n<ul>\n<li><strong>Bachbl\u00fcten<\/strong><\/li>\n<\/ul>\n<p>Dr. Edward Bach (1886 &#8211; 1936) entwickelte in einem speziellen Verfahren 38 verschiedene Pflanzenausz\u00fcge, die Bachbl\u00fcten. Bach war \u00fcberzeugt, dass Krankheit durch einen Konflikt zwischen Seele und Pers\u00f6nlichkeit entsteht.<br \/>\nMit Hilfe einer Bachbl\u00fctenmischung f\u00e4llt es uns leichter diesen inneren Konflikt zu \u00fcberwinden und die Balance wieder zu finden.<br \/>\nMan kann mit Bachbl\u00fcten nicht nur \u00c4ngste, Sorgen, Schlafprobleme, Hyperaktivit\u00e4t und Konzentrationsmangel in den Griff bekommen, sondern es gibt noch eine Menge weiterer Beschwerden, bei denen die Bachbl\u00fcten eine positive Wirkung an den Tag legen. Bachbl\u00fcten schaffen es, die negativen Emotionen in ihren positiven Gegenpol zu \u00e4ndern.<br \/>\nDiese Therapie ist auch sehr geeignet f\u00fcr Kinder.<\/p>\n","protected":false},"excerpt":{"rendered":"<p>Sch\u00fcsslersalze Der deutsche Arzt Dr. Wilhelm Heinrich Sch\u00fcssler (1821 &#8211; 1898) entdeckte, dass viele Krankheiten durch einen Mangel an Mineralsalzen ausgel\u00f6st werden. Werden die geeigneten Mineralsalze minimal dosiert und &#8222;potenziert&#8220; eingenommen, wirken sie bis in den Zellstoffwechsel hinein und unterst\u00fctzen wirksam die Heilung vieler Beschwerden. Biochemische &hellip; <\/p>\n<p><a href=\"https:\/\/www.naturheilatelier.ch\/?page_id=246\" class=\"more-link\"><span class=\"morelink-icon\">Weiterlesen<\/span><\/a><\/p>\n","protected":false},"author":1,"featured_media":0,"parent":18,"menu_order":6,"comment_status":"closed","ping_status":"closed","template":"","meta":{"jetpack_post_was_ever_published":false,"footnotes":""},"class_list":["post-246","page","type-page","status-publish","hentry"],"jetpack_sharing_enabled":true,"jetpack_shortlink":"https:\/\/wp.me\/P8ZKkB-3Y","jetpack-related-posts":[],"_links":{"self":[{"href":"https:\/\/www.naturheilatelier.ch\/index.php?rest_route=\/wp\/v2\/pages\/246","targetHints":{"allow":["GET"]}}],"collection":[{"href":"https:\/\/www.naturheilatelier.ch\/index.php?rest_route=\/wp\/v2\/pages"}],"about":[{"href":"https:\/\/www.naturheilatelier.ch\/index.php?rest_route=\/wp\/v2\/types\/page"}],"author":[{"embeddable":true,"href":"https:\/\/www.naturheilatelier.ch\/index.php?rest_route=\/wp\/v2\/users\/1"}],"replies":[{"embeddable":true,"href":"https:\/\/www.naturheilatelier.ch\/index.php?rest_route=%2Fwp%2Fv2%2Fcomments&post=246"}],"version-history":[{"count":8,"href":"https:\/\/www.naturheilatelier.ch\/index.php?rest_route=\/wp\/v2\/pages\/246\/revisions"}],"predecessor-version":[{"id":512,"href":"https:\/\/www.naturheilatelier.ch\/index.php?rest_route=\/wp\/v2\/pages\/246\/revisions\/512"}],"up":[{"embeddable":true,"href":"https:\/\/www.naturheilatelier.ch\/index.php?rest_route=\/wp\/v2\/pages\/18"}],"wp:attachment":[{"href":"https:\/\/www.naturheilatelier.ch\/index.php?rest_route=%2Fwp%2Fv2%2Fmedia&parent=246"}],"curies":[{"name":"wp","href":"https:\/\/api.w.org\/{rel}","templated":true}]}}