{"id":221,"date":"2017-07-18T16:22:06","date_gmt":"2017-07-18T16:22:06","guid":{"rendered":"http:\/\/www.naturheilatelier.ch\/?page_id=221"},"modified":"2023-02-28T17:45:53","modified_gmt":"2023-02-28T17:45:53","slug":"phytotherapie","status":"publish","type":"page","link":"https:\/\/www.naturheilatelier.ch\/?page_id=221","title":{"rendered":"Phytotherapie"},"content":{"rendered":"<p><img data-recalc-dims=\"1\" loading=\"lazy\" decoding=\"async\" data-attachment-id=\"256\" data-permalink=\"https:\/\/www.naturheilatelier.ch\/?attachment_id=256\" data-orig-file=\"https:\/\/i0.wp.com\/www.naturheilatelier.ch\/wp-content\/uploads\/2017\/07\/RingelblumeSeite_neu-Kopie.png?fit=1180%2C500&amp;ssl=1\" data-orig-size=\"1180,500\" data-comments-opened=\"1\" data-image-meta=\"{&quot;aperture&quot;:&quot;0&quot;,&quot;credit&quot;:&quot;&quot;,&quot;camera&quot;:&quot;&quot;,&quot;caption&quot;:&quot;&quot;,&quot;created_timestamp&quot;:&quot;0&quot;,&quot;copyright&quot;:&quot;&quot;,&quot;focal_length&quot;:&quot;0&quot;,&quot;iso&quot;:&quot;0&quot;,&quot;shutter_speed&quot;:&quot;0&quot;,&quot;title&quot;:&quot;&quot;,&quot;orientation&quot;:&quot;0&quot;}\" data-image-title=\"RingelblumeSeite_neu Kopie\" data-image-description=\"\" data-image-caption=\"\" data-medium-file=\"https:\/\/i0.wp.com\/www.naturheilatelier.ch\/wp-content\/uploads\/2017\/07\/RingelblumeSeite_neu-Kopie.png?fit=300%2C127&amp;ssl=1\" data-large-file=\"https:\/\/i0.wp.com\/www.naturheilatelier.ch\/wp-content\/uploads\/2017\/07\/RingelblumeSeite_neu-Kopie.png?fit=960%2C407&amp;ssl=1\" class=\"aligncenter wp-image-256 size-full\" src=\"https:\/\/i0.wp.com\/www.naturheilatelier.ch\/wp-content\/uploads\/2017\/07\/RingelblumeSeite_neu-Kopie.png?resize=960%2C407\" alt=\"\" width=\"960\" height=\"407\" srcset=\"https:\/\/i0.wp.com\/www.naturheilatelier.ch\/wp-content\/uploads\/2017\/07\/RingelblumeSeite_neu-Kopie.png?w=1180&amp;ssl=1 1180w, https:\/\/i0.wp.com\/www.naturheilatelier.ch\/wp-content\/uploads\/2017\/07\/RingelblumeSeite_neu-Kopie.png?resize=300%2C127&amp;ssl=1 300w, https:\/\/i0.wp.com\/www.naturheilatelier.ch\/wp-content\/uploads\/2017\/07\/RingelblumeSeite_neu-Kopie.png?resize=768%2C325&amp;ssl=1 768w, https:\/\/i0.wp.com\/www.naturheilatelier.ch\/wp-content\/uploads\/2017\/07\/RingelblumeSeite_neu-Kopie.png?resize=1024%2C434&amp;ssl=1 1024w\" sizes=\"auto, (max-width: 960px) 100vw, 960px\" \/><br \/>\nUnter Pflanzenheilkunde versteht man die Anwendung von Heilpflanzen und nat\u00fcrlichen Pr\u00e4paraten gegen k\u00f6rperliche oder seelische Beschwerden. Die Phytotherapie ist ein wichtiger Bestandteil der traditionellen Medizin und Erfahrungsheilkunde.<\/p>\n<ul>\n<li><strong>Teemischungen<\/strong><\/li>\n<li><strong>Pflanzentinkturen<\/strong><\/li>\n<li><strong>Spagyrik<\/strong><\/li>\n<\/ul>\n<p>Spagyrik ist ein uraltes, ganzheitliches Naturheilverfahren, welches die Wirkstoffe aus Pflanzen auf eine besondere Weise trennt, bearbeitet und dann wieder zusammenf\u00fchrt.<br \/>\nSpagyrische Essenzen entfalten eine Dynamik, die im K\u00f6rper Heilungsprozesse in Gang setzen und f\u00f6rdern die Wiederherstellung des nat\u00fcrlichen Gleichgewichts.<\/p>\n<p>Als ausgebildete Spagyrik-Therapeutin stelle ich gerne eine unterst\u00fctzende Mischung f\u00fcr Sie zusammen.<\/p>\n","protected":false},"excerpt":{"rendered":"<p>Unter Pflanzenheilkunde versteht man die Anwendung von Heilpflanzen und nat\u00fcrlichen Pr\u00e4paraten gegen k\u00f6rperliche oder seelische Beschwerden. Die Phytotherapie ist ein wichtiger Bestandteil der traditionellen Medizin und Erfahrungsheilkunde. Teemischungen Pflanzentinkturen Spagyrik Spagyrik ist ein uraltes, ganzheitliches Naturheilverfahren, welches die Wirkstoffe aus Pflanzen auf eine besondere Weise trennt, &hellip; <\/p>\n<p><a href=\"https:\/\/www.naturheilatelier.ch\/?page_id=221\" class=\"more-link\"><span class=\"morelink-icon\">Weiterlesen<\/span><\/a><\/p>\n","protected":false},"author":1,"featured_media":0,"parent":18,"menu_order":3,"comment_status":"closed","ping_status":"closed","template":"","meta":{"jetpack_post_was_ever_published":false,"footnotes":""},"class_list":["post-221","page","type-page","status-publish","hentry"],"jetpack_sharing_enabled":true,"jetpack_shortlink":"https:\/\/wp.me\/P8ZKkB-3z","jetpack-related-posts":[],"_links":{"self":[{"href":"https:\/\/www.naturheilatelier.ch\/index.php?rest_route=\/wp\/v2\/pages\/221","targetHints":{"allow":["GET"]}}],"collection":[{"href":"https:\/\/www.naturheilatelier.ch\/index.php?rest_route=\/wp\/v2\/pages"}],"about":[{"href":"https:\/\/www.naturheilatelier.ch\/index.php?rest_route=\/wp\/v2\/types\/page"}],"author":[{"embeddable":true,"href":"https:\/\/www.naturheilatelier.ch\/index.php?rest_route=\/wp\/v2\/users\/1"}],"replies":[{"embeddable":true,"href":"https:\/\/www.naturheilatelier.ch\/index.php?rest_route=%2Fwp%2Fv2%2Fcomments&post=221"}],"version-history":[{"count":8,"href":"https:\/\/www.naturheilatelier.ch\/index.php?rest_route=\/wp\/v2\/pages\/221\/revisions"}],"predecessor-version":[{"id":564,"href":"https:\/\/www.naturheilatelier.ch\/index.php?rest_route=\/wp\/v2\/pages\/221\/revisions\/564"}],"up":[{"embeddable":true,"href":"https:\/\/www.naturheilatelier.ch\/index.php?rest_route=\/wp\/v2\/pages\/18"}],"wp:attachment":[{"href":"https:\/\/www.naturheilatelier.ch\/index.php?rest_route=%2Fwp%2Fv2%2Fmedia&parent=221"}],"curies":[{"name":"wp","href":"https:\/\/api.w.org\/{rel}","templated":true}]}}