{"id":201,"date":"2017-06-09T14:44:59","date_gmt":"2017-06-09T14:44:59","guid":{"rendered":"http:\/\/www.naturheilatelier.ch\/?page_id=201"},"modified":"2023-02-28T17:24:39","modified_gmt":"2023-02-28T17:24:39","slug":"ab-und-ausleitverfahren","status":"publish","type":"page","link":"https:\/\/www.naturheilatelier.ch\/?page_id=201","title":{"rendered":"Ab- und Ausleitverfahren"},"content":{"rendered":"<p><img data-recalc-dims=\"1\" loading=\"lazy\" decoding=\"async\" data-attachment-id=\"342\" data-permalink=\"https:\/\/www.naturheilatelier.ch\/?attachment_id=342\" data-orig-file=\"https:\/\/i0.wp.com\/www.naturheilatelier.ch\/wp-content\/uploads\/2017\/07\/Brennessel_Seite.png?fit=1180%2C500&amp;ssl=1\" data-orig-size=\"1180,500\" data-comments-opened=\"1\" data-image-meta=\"{&quot;aperture&quot;:&quot;0&quot;,&quot;credit&quot;:&quot;&quot;,&quot;camera&quot;:&quot;&quot;,&quot;caption&quot;:&quot;&quot;,&quot;created_timestamp&quot;:&quot;0&quot;,&quot;copyright&quot;:&quot;&quot;,&quot;focal_length&quot;:&quot;0&quot;,&quot;iso&quot;:&quot;0&quot;,&quot;shutter_speed&quot;:&quot;0&quot;,&quot;title&quot;:&quot;&quot;,&quot;orientation&quot;:&quot;0&quot;}\" data-image-title=\"Brennessel_Seite\" data-image-description=\"\" data-image-caption=\"\" data-medium-file=\"https:\/\/i0.wp.com\/www.naturheilatelier.ch\/wp-content\/uploads\/2017\/07\/Brennessel_Seite.png?fit=300%2C127&amp;ssl=1\" data-large-file=\"https:\/\/i0.wp.com\/www.naturheilatelier.ch\/wp-content\/uploads\/2017\/07\/Brennessel_Seite.png?fit=960%2C407&amp;ssl=1\" class=\"aligncenter wp-image-342 size-full\" src=\"https:\/\/i0.wp.com\/www.naturheilatelier.ch\/wp-content\/uploads\/2017\/07\/Brennessel_Seite.png?resize=960%2C407\" alt=\"\" width=\"960\" height=\"407\" srcset=\"https:\/\/i0.wp.com\/www.naturheilatelier.ch\/wp-content\/uploads\/2017\/07\/Brennessel_Seite.png?w=1180&amp;ssl=1 1180w, https:\/\/i0.wp.com\/www.naturheilatelier.ch\/wp-content\/uploads\/2017\/07\/Brennessel_Seite.png?resize=300%2C127&amp;ssl=1 300w, https:\/\/i0.wp.com\/www.naturheilatelier.ch\/wp-content\/uploads\/2017\/07\/Brennessel_Seite.png?resize=768%2C325&amp;ssl=1 768w, https:\/\/i0.wp.com\/www.naturheilatelier.ch\/wp-content\/uploads\/2017\/07\/Brennessel_Seite.png?resize=1024%2C434&amp;ssl=1 1024w\" sizes=\"auto, (max-width: 960px) 100vw, 960px\" \/><\/p>\n<p>Es ist wichtig, dass wir die im Stoffwechsel anfallenden Endprodukte ausscheiden k\u00f6nnen. So k\u00f6nnen das Immunsystem, die allgemeine Regeneration und die Selbstheilungskr\u00e4fte des K\u00f6rpers angeregt werden.<br \/>\nAls <strong>Ab<\/strong>leitungsverfahren bezeichnet man therapeutische Anwendungen, welche die Ausscheidungsorgane anregen. Dies geschieht \u00fcber Haut, Darm, Leber-Galle und Nieren.<br \/>\nBei <strong>Aus<\/strong>leitungsverfahren wird die Haut verletzt, wodurch ein k\u00fcnstlicher Ausscheidungsort geschaffen wird. Der K\u00f6rper kann hier S\u00e4fte mit krankhafter Qualit\u00e4t ausscheiden, dies z.Bsp. durch Blutiges Schr\u00f6pfen, Baunscheidtieren, Cantharidenpflaster oder Blutegelanwendungen.<\/p>\n<p>Alle Ab- und Ausleitungsverfahren wirken \u00fcber zwei Mechanismen:<br \/>\n1. \u00a0 \u00a0 Wirkung \u00fcber die Haut und \u00fcber die Reflexzonen<br \/>\n2. \u00a0 \u00a0 Optimerung der S\u00e4ftequalit\u00e4t (im Sinne der Humoralmedizin)<\/p>\n<ul>\n<li><strong>Schr\u00f6pfen<\/strong><\/li>\n<\/ul>\n<p>Schr\u00f6pfgl\u00e4ser setzt man entweder direkt \u00fcber schmerzhafte Areale oder sie werden gem\u00e4ss Reflexzonen erkrankter\/schwacher Organe auf dem R\u00fccken platziert. Dabei werden die Organt\u00e4tigkeit und die Selbstheilungskr\u00e4fte aktiviert.<\/p>\n<p>Durch das Vakuum wird die Haut kr\u00e4ftig in das Glas gezogen, wobei die Durchblutung angeregt und eine R\u00f6tung entsteht. Auf Grund der leichten H\u00e4matome (im Sinne einer Eigenbluttherapie) wird der K\u00f6rper auch noch einige Tage nach der Behandlung zur Reaktion angeregt.<br \/>\nDiese Therapieform bew\u00e4hrt sich sehr bei rheumatischen Beschwerden, chronischen Schmerzzust\u00e4nden und reduzierten Organt\u00e4tigkeiten.<\/p>\n<ul>\n<li><strong>Baunscheidtieren<\/strong><\/li>\n<\/ul>\n<p>Beim Baunscheidtverfahren wird mit einem Nadelkopf die oberste Hautschicht fl\u00e4chig gestichelt und anschliessend ein hautreizendes Spezial\u00f6l aufgetragen. Durch den Reiz des Baunscheidt\u00f6ls bilden sich vor\u00fcbergehend Quaddeln.<\/p>\n<p>Der Therapiereiz ist hier gr\u00f6sser als beim Schr\u00f6pfen, die Anwendungsgebiete bleiben weitgehend gleich.<\/p>\n<ul>\n<li><strong>Blutegel-Anwendungen<\/strong><\/li>\n<\/ul>\n<p>Verwendet werden Blutegel, die speziell f\u00fcr medizinische Zwecke gez\u00fcchtet werden (Hirudo medicinalis). Die Blutegeltherapie ist eine hervorragende Behandlungsmethode bei ven\u00f6sen Stauungen (Venenerkrankungen) und Lymphstauungen, Arthrosen, rheumatische Erkrankungen, Hypertonie und vielem mehr.<br \/>\nHat ein Blutegel sich an der Haut festgesaugt, gibt er mit seinem Speichel mehrere entz\u00fcndungshemmende Stoffe ab (u.a. Hirudin), welche auch die Gerinnung des Blutes verhindern. Ist der Blutegel von der Haut abgefallen, blutet die entstandene Wunde f\u00fcr 12 bis 14 Stunden nach. Dieses Nachbluten ist wichtig, da auf diese Weise eine massive Entschlackung und Entstauung der Venen und des umliegenden Gewebes erreicht wird. F\u00fcr diesen Zweck wird die Wunde mit reichlich saugendem Verbandsmaterial locker verbunden.<\/p>\n<ul>\n<li><strong>S\u00e4ure-Basen-Therapie\u00a0<\/strong><\/li>\n<\/ul>\n<p>&#8222;Du bist \u00fcbers\u00e4uert&#8220; &#8211; diesen Satz bekommt man heutzutage oft zu h\u00f6ren. Was steckt dahinter, was sind die Folgen, wie kann ich dies \u00e4ndern?<br \/>\nDies und vieles andere zum spannenden Thema &#8222;S\u00e4ure-Base&#8220; erkl\u00e4re ich Ihnen gerne.<\/p>\n<ul>\n<li><strong>Darmsanierung\u00a0<\/strong><\/li>\n<\/ul>\n<p>Eine optimale Darmgesundheit bildet eine ideale Basis f\u00fcr ein vitales Leben.<br \/>\nDurch unseren heutigen Lebensstil mit schnellem Essen (Fast Food), gestressten Umst\u00e4nden und unregelm\u00e4ssigen Mahlzeiten leidet oft unsere Verdauung. Beschwerden wie Obstipation (Verstopfung), Durchfall, Aufstossen, Bl\u00e4hungen, Unvertr\u00e4glichkeiten etc. sind die Folge.<br \/>\nDie Besiedelung des Darms mit den &#8222;richtigen&#8220; Bakterien ist somit essentiell und kann sich weitgehend auf das k\u00f6rperliche Wohlbefinden und die ganzheitliche Gesundheit auswirken.<\/p>\n<p>Als &#8222;Fachfrau Darmgesundheit&#8220; berate und unterst\u00fctze ich Sie gerne.<\/p>\n<p><img data-recalc-dims=\"1\" loading=\"lazy\" decoding=\"async\" data-attachment-id=\"389\" data-permalink=\"https:\/\/www.naturheilatelier.ch\/?attachment_id=389\" data-orig-file=\"https:\/\/i0.wp.com\/www.naturheilatelier.ch\/wp-content\/uploads\/2017\/06\/AbundAusleit-1.jpg?fit=1180%2C800&amp;ssl=1\" data-orig-size=\"1180,800\" data-comments-opened=\"1\" data-image-meta=\"{&quot;aperture&quot;:&quot;8&quot;,&quot;credit&quot;:&quot;BARBARA_FORSLUND-LEU&quot;,&quot;camera&quot;:&quot;NIKON D7000&quot;,&quot;caption&quot;:&quot;&quot;,&quot;created_timestamp&quot;:&quot;1500288320&quot;,&quot;copyright&quot;:&quot;Forslundphoto.com&quot;,&quot;focal_length&quot;:&quot;38&quot;,&quot;iso&quot;:&quot;800&quot;,&quot;shutter_speed&quot;:&quot;0.05&quot;,&quot;title&quot;:&quot;&quot;,&quot;orientation&quot;:&quot;1&quot;}\" data-image-title=\"AbundAusleit\" data-image-description=\"\" data-image-caption=\"\" data-medium-file=\"https:\/\/i0.wp.com\/www.naturheilatelier.ch\/wp-content\/uploads\/2017\/06\/AbundAusleit-1.jpg?fit=300%2C203&amp;ssl=1\" data-large-file=\"https:\/\/i0.wp.com\/www.naturheilatelier.ch\/wp-content\/uploads\/2017\/06\/AbundAusleit-1.jpg?fit=960%2C651&amp;ssl=1\" class=\"alignleft wp-image-389\" src=\"https:\/\/i0.wp.com\/www.naturheilatelier.ch\/wp-content\/uploads\/2017\/06\/AbundAusleit-1.jpg?resize=590%2C400\" alt=\"\" width=\"590\" height=\"400\" srcset=\"https:\/\/i0.wp.com\/www.naturheilatelier.ch\/wp-content\/uploads\/2017\/06\/AbundAusleit-1.jpg?resize=300%2C203&amp;ssl=1 300w, https:\/\/i0.wp.com\/www.naturheilatelier.ch\/wp-content\/uploads\/2017\/06\/AbundAusleit-1.jpg?resize=768%2C521&amp;ssl=1 768w, https:\/\/i0.wp.com\/www.naturheilatelier.ch\/wp-content\/uploads\/2017\/06\/AbundAusleit-1.jpg?resize=1024%2C694&amp;ssl=1 1024w, https:\/\/i0.wp.com\/www.naturheilatelier.ch\/wp-content\/uploads\/2017\/06\/AbundAusleit-1.jpg?w=1180&amp;ssl=1 1180w\" sizes=\"auto, (max-width: 590px) 100vw, 590px\" \/><\/p>\n","protected":false},"excerpt":{"rendered":"<p>Es ist wichtig, dass wir die im Stoffwechsel anfallenden Endprodukte ausscheiden k\u00f6nnen. So k\u00f6nnen das Immunsystem, die allgemeine Regeneration und die Selbstheilungskr\u00e4fte des K\u00f6rpers angeregt werden. Als Ableitungsverfahren bezeichnet man therapeutische Anwendungen, welche die Ausscheidungsorgane anregen. Dies geschieht \u00fcber Haut, Darm, Leber-Galle und Nieren. Bei Ausleitungsverfahren &hellip; <\/p>\n<p><a href=\"https:\/\/www.naturheilatelier.ch\/?page_id=201\" class=\"more-link\"><span class=\"morelink-icon\">Weiterlesen<\/span><\/a><\/p>\n","protected":false},"author":1,"featured_media":0,"parent":18,"menu_order":2,"comment_status":"closed","ping_status":"closed","template":"","meta":{"jetpack_post_was_ever_published":false,"footnotes":""},"class_list":["post-201","page","type-page","status-publish","hentry"],"jetpack_sharing_enabled":true,"jetpack_shortlink":"https:\/\/wp.me\/P8ZKkB-3f","jetpack-related-posts":[],"_links":{"self":[{"href":"https:\/\/www.naturheilatelier.ch\/index.php?rest_route=\/wp\/v2\/pages\/201","targetHints":{"allow":["GET"]}}],"collection":[{"href":"https:\/\/www.naturheilatelier.ch\/index.php?rest_route=\/wp\/v2\/pages"}],"about":[{"href":"https:\/\/www.naturheilatelier.ch\/index.php?rest_route=\/wp\/v2\/types\/page"}],"author":[{"embeddable":true,"href":"https:\/\/www.naturheilatelier.ch\/index.php?rest_route=\/wp\/v2\/users\/1"}],"replies":[{"embeddable":true,"href":"https:\/\/www.naturheilatelier.ch\/index.php?rest_route=%2Fwp%2Fv2%2Fcomments&post=201"}],"version-history":[{"count":13,"href":"https:\/\/www.naturheilatelier.ch\/index.php?rest_route=\/wp\/v2\/pages\/201\/revisions"}],"predecessor-version":[{"id":562,"href":"https:\/\/www.naturheilatelier.ch\/index.php?rest_route=\/wp\/v2\/pages\/201\/revisions\/562"}],"up":[{"embeddable":true,"href":"https:\/\/www.naturheilatelier.ch\/index.php?rest_route=\/wp\/v2\/pages\/18"}],"wp:attachment":[{"href":"https:\/\/www.naturheilatelier.ch\/index.php?rest_route=%2Fwp%2Fv2%2Fmedia&parent=201"}],"curies":[{"name":"wp","href":"https:\/\/api.w.org\/{rel}","templated":true}]}}