{"id":199,"date":"2017-06-09T14:43:04","date_gmt":"2017-06-09T14:43:04","guid":{"rendered":"http:\/\/www.naturheilatelier.ch\/?page_id=199"},"modified":"2023-02-28T17:08:35","modified_gmt":"2023-02-28T17:08:35","slug":"naet-allergie-therapie","status":"publish","type":"page","link":"https:\/\/www.naturheilatelier.ch\/?page_id=199","title":{"rendered":"NAET-Allergie-Therapie"},"content":{"rendered":"<p><img data-recalc-dims=\"1\" loading=\"lazy\" decoding=\"async\" data-attachment-id=\"309\" data-permalink=\"https:\/\/www.naturheilatelier.ch\/?attachment_id=309\" data-orig-file=\"https:\/\/i0.wp.com\/www.naturheilatelier.ch\/wp-content\/uploads\/2017\/06\/Borretsch_Seite.png?fit=1180%2C500&amp;ssl=1\" data-orig-size=\"1180,500\" data-comments-opened=\"1\" data-image-meta=\"{&quot;aperture&quot;:&quot;0&quot;,&quot;credit&quot;:&quot;&quot;,&quot;camera&quot;:&quot;&quot;,&quot;caption&quot;:&quot;&quot;,&quot;created_timestamp&quot;:&quot;0&quot;,&quot;copyright&quot;:&quot;&quot;,&quot;focal_length&quot;:&quot;0&quot;,&quot;iso&quot;:&quot;0&quot;,&quot;shutter_speed&quot;:&quot;0&quot;,&quot;title&quot;:&quot;&quot;,&quot;orientation&quot;:&quot;0&quot;}\" data-image-title=\"Borretsch_Seite\" data-image-description=\"\" data-image-caption=\"\" data-medium-file=\"https:\/\/i0.wp.com\/www.naturheilatelier.ch\/wp-content\/uploads\/2017\/06\/Borretsch_Seite.png?fit=300%2C127&amp;ssl=1\" data-large-file=\"https:\/\/i0.wp.com\/www.naturheilatelier.ch\/wp-content\/uploads\/2017\/06\/Borretsch_Seite.png?fit=960%2C407&amp;ssl=1\" class=\"aligncenter size-full wp-image-309\" src=\"https:\/\/i0.wp.com\/www.naturheilatelier.ch\/wp-content\/uploads\/2017\/06\/Borretsch_Seite.png?resize=960%2C407\" alt=\"\" width=\"960\" height=\"407\" srcset=\"https:\/\/i0.wp.com\/www.naturheilatelier.ch\/wp-content\/uploads\/2017\/06\/Borretsch_Seite.png?w=1180&amp;ssl=1 1180w, https:\/\/i0.wp.com\/www.naturheilatelier.ch\/wp-content\/uploads\/2017\/06\/Borretsch_Seite.png?resize=300%2C127&amp;ssl=1 300w, https:\/\/i0.wp.com\/www.naturheilatelier.ch\/wp-content\/uploads\/2017\/06\/Borretsch_Seite.png?resize=768%2C325&amp;ssl=1 768w, https:\/\/i0.wp.com\/www.naturheilatelier.ch\/wp-content\/uploads\/2017\/06\/Borretsch_Seite.png?resize=1024%2C434&amp;ssl=1 1024w\" sizes=\"auto, (max-width: 960px) 100vw, 960px\" \/><\/p>\n<ul>\n<li>Heuschnupfen<\/li>\n<li>Nahrungsmittelintoleranzen<\/li>\n<li>Hautausschl\u00e4ge<\/li>\n<\/ul>\n<p>Ein Leben ohne Allergien!<br \/>\nErwachsene, Kinder, ja sogar Babys leiden mittlerweile unter Allergien\/Unvertr\u00e4glichkeiten. Dabei handelt es sich um einen Zustand ungew\u00f6hnlicher Empfindsamkeit gegen\u00fcber einer oder mehrerer Substanzen. Die Symptome sind meist so vielf\u00e4ltig wie die ausl\u00f6senden Substanzen: Heuschnupfen, Nahrungsmittelintoleranz und Hautreaktionen (Neurodermitis) sind die bekanntesten. Aber auch Hyperaktivit\u00e4t und vieles mehr kann erfolgreich behandelt werden.<\/p>\n<p>Dr. Nambudripad\u2019s Entdeckung NAET ist eine innovative und komplett nat\u00fcrliche Methode, um die Gesundheit wiederherzustellen. Ein entscheidender Vorteil ist, dass NAET ohne Blut- und Hauttests, Spritzen und Medikamente auskommt. Die Suche nach dem abwehrausl\u00f6senden Stoff und die Behandlung sind schmerzfrei, so dass sich die Therapie sehr gut f\u00fcr Babys und Kleinkinder eignet.<\/p>\n<p>Die NAET-Methode vereint Techniken aus angewandter Kinesiologie, Traditioneller Chinesischer Medizin, Akupressur und Ern\u00e4hrungslehre.<br \/>\nWeitere Informationen \u00fcber NAET: \u00a0<strong><a href=\"http:\/\/www.naet-europe.com\">www.naet.com<\/a><\/strong><\/p>\n<div class=\"two-columns-one\">\n<div id=\"attachment_449\" style=\"width: 600px\" class=\"wp-caption aligncenter\"><img data-recalc-dims=\"1\" loading=\"lazy\" decoding=\"async\" aria-describedby=\"caption-attachment-449\" data-attachment-id=\"448\" data-permalink=\"https:\/\/www.naturheilatelier.ch\/?attachment_id=448\" data-orig-file=\"https:\/\/i0.wp.com\/www.naturheilatelier.ch\/wp-content\/uploads\/2017\/07\/Naet2_b.jpg?fit=590%2C400&amp;ssl=1\" data-orig-size=\"590,400\" data-comments-opened=\"1\" data-image-meta=\"{&quot;aperture&quot;:&quot;5&quot;,&quot;credit&quot;:&quot;&quot;,&quot;camera&quot;:&quot;NIKON 1 J3&quot;,&quot;caption&quot;:&quot;&quot;,&quot;created_timestamp&quot;:&quot;1491415118&quot;,&quot;copyright&quot;:&quot;&quot;,&quot;focal_length&quot;:&quot;22.7&quot;,&quot;iso&quot;:&quot;220&quot;,&quot;shutter_speed&quot;:&quot;0.016666666666667&quot;,&quot;title&quot;:&quot;&quot;,&quot;orientation&quot;:&quot;1&quot;}\" data-image-title=\"Naet2_b\" data-image-description=\"\" data-image-caption=\"\" data-medium-file=\"https:\/\/i0.wp.com\/www.naturheilatelier.ch\/wp-content\/uploads\/2017\/07\/Naet2_b.jpg?fit=300%2C203&amp;ssl=1\" data-large-file=\"https:\/\/i0.wp.com\/www.naturheilatelier.ch\/wp-content\/uploads\/2017\/07\/Naet2_b.jpg?fit=590%2C400&amp;ssl=1\" class=\"wp-image-448 size-full\" src=\"https:\/\/i0.wp.com\/www.naturheilatelier.ch\/wp-content\/uploads\/2017\/07\/Naet1_b.jpg?resize=590%2C400\" alt=\"\" width=\"590\" height=\"400\" \/><p id=\"caption-attachment-449\" class=\"wp-caption-text\">Testsituation<\/p><\/div>\n<\/div>\n<div class=\"two-columns-one last\">\n<div id=\"attachment_448\" style=\"width: 600px\" class=\"wp-caption aligncenter\"><img data-recalc-dims=\"1\" loading=\"lazy\" decoding=\"async\" aria-describedby=\"caption-attachment-448\" data-attachment-id=\"448\" data-permalink=\"https:\/\/www.naturheilatelier.ch\/?attachment_id=448\" data-orig-file=\"https:\/\/i0.wp.com\/www.naturheilatelier.ch\/wp-content\/uploads\/2017\/07\/Naet2_b.jpg?fit=590%2C400&amp;ssl=1\" data-orig-size=\"590,400\" data-comments-opened=\"1\" data-image-meta=\"{&quot;aperture&quot;:&quot;5&quot;,&quot;credit&quot;:&quot;&quot;,&quot;camera&quot;:&quot;NIKON 1 J3&quot;,&quot;caption&quot;:&quot;&quot;,&quot;created_timestamp&quot;:&quot;1491415118&quot;,&quot;copyright&quot;:&quot;&quot;,&quot;focal_length&quot;:&quot;22.7&quot;,&quot;iso&quot;:&quot;220&quot;,&quot;shutter_speed&quot;:&quot;0.016666666666667&quot;,&quot;title&quot;:&quot;&quot;,&quot;orientation&quot;:&quot;1&quot;}\" data-image-title=\"Naet2_b\" data-image-description=\"\" data-image-caption=\"\" data-medium-file=\"https:\/\/i0.wp.com\/www.naturheilatelier.ch\/wp-content\/uploads\/2017\/07\/Naet2_b.jpg?fit=300%2C203&amp;ssl=1\" data-large-file=\"https:\/\/i0.wp.com\/www.naturheilatelier.ch\/wp-content\/uploads\/2017\/07\/Naet2_b.jpg?fit=590%2C400&amp;ssl=1\" class=\"wp-image-448 size-full\" src=\"https:\/\/i0.wp.com\/www.naturheilatelier.ch\/wp-content\/uploads\/2017\/07\/Naet2_b.jpg?resize=590%2C400\" alt=\"\" width=\"590\" height=\"400\" srcset=\"https:\/\/i0.wp.com\/www.naturheilatelier.ch\/wp-content\/uploads\/2017\/07\/Naet2_b.jpg?w=590&amp;ssl=1 590w, https:\/\/i0.wp.com\/www.naturheilatelier.ch\/wp-content\/uploads\/2017\/07\/Naet2_b.jpg?resize=300%2C203&amp;ssl=1 300w\" sizes=\"auto, (max-width: 590px) 100vw, 590px\" \/><p id=\"caption-attachment-448\" class=\"wp-caption-text\">Allergie-Testsatz<\/p><\/div>\n<\/div>\n<div class=\"divider\"><\/div>\n","protected":false},"excerpt":{"rendered":"<p>Heuschnupfen Nahrungsmittelintoleranzen Hautausschl\u00e4ge Ein Leben ohne Allergien! Erwachsene, Kinder, ja sogar Babys leiden mittlerweile unter Allergien\/Unvertr\u00e4glichkeiten. Dabei handelt es sich um einen Zustand ungew\u00f6hnlicher Empfindsamkeit gegen\u00fcber einer oder mehrerer Substanzen. Die Symptome sind meist so vielf\u00e4ltig wie die ausl\u00f6senden Substanzen: Heuschnupfen, Nahrungsmittelintoleranz und Hautreaktionen (Neurodermitis) sind &hellip; <\/p>\n<p><a href=\"https:\/\/www.naturheilatelier.ch\/?page_id=199\" class=\"more-link\"><span class=\"morelink-icon\">Weiterlesen<\/span><\/a><\/p>\n","protected":false},"author":1,"featured_media":0,"parent":18,"menu_order":1,"comment_status":"closed","ping_status":"closed","template":"","meta":{"jetpack_post_was_ever_published":false,"footnotes":""},"class_list":["post-199","page","type-page","status-publish","hentry"],"jetpack_sharing_enabled":true,"jetpack_shortlink":"https:\/\/wp.me\/P8ZKkB-3d","jetpack-related-posts":[],"_links":{"self":[{"href":"https:\/\/www.naturheilatelier.ch\/index.php?rest_route=\/wp\/v2\/pages\/199","targetHints":{"allow":["GET"]}}],"collection":[{"href":"https:\/\/www.naturheilatelier.ch\/index.php?rest_route=\/wp\/v2\/pages"}],"about":[{"href":"https:\/\/www.naturheilatelier.ch\/index.php?rest_route=\/wp\/v2\/types\/page"}],"author":[{"embeddable":true,"href":"https:\/\/www.naturheilatelier.ch\/index.php?rest_route=\/wp\/v2\/users\/1"}],"replies":[{"embeddable":true,"href":"https:\/\/www.naturheilatelier.ch\/index.php?rest_route=%2Fwp%2Fv2%2Fcomments&post=199"}],"version-history":[{"count":15,"href":"https:\/\/www.naturheilatelier.ch\/index.php?rest_route=\/wp\/v2\/pages\/199\/revisions"}],"predecessor-version":[{"id":558,"href":"https:\/\/www.naturheilatelier.ch\/index.php?rest_route=\/wp\/v2\/pages\/199\/revisions\/558"}],"up":[{"embeddable":true,"href":"https:\/\/www.naturheilatelier.ch\/index.php?rest_route=\/wp\/v2\/pages\/18"}],"wp:attachment":[{"href":"https:\/\/www.naturheilatelier.ch\/index.php?rest_route=%2Fwp%2Fv2%2Fmedia&parent=199"}],"curies":[{"name":"wp","href":"https:\/\/api.w.org\/{rel}","templated":true}]}}